{"id":7551,"date":"2023-07-20T08:56:46","date_gmt":"2023-07-20T06:56:46","guid":{"rendered":"https:\/\/www.hotelthomas.it\/prezzi\/"},"modified":"2025-06-30T17:48:04","modified_gmt":"2025-06-30T15:48:04","slug":"preise","status":"publish","type":"page","link":"https:\/\/www.hotelthomas.it\/de\/preise\/","title":{"rendered":"Preise"},"content":{"rendered":"\t\t<div data-elementor-type=\"wp-page\" data-elementor-id=\"7551\" class=\"elementor elementor-7551 elementor-6820\">\n\t\t\t\t<div class=\"elementor-element elementor-element-e9886a2 e-flex e-con-boxed e-con e-parent\" data-id=\"e9886a2\" data-element_type=\"container\" data-settings=\"{&quot;background_background&quot;:&quot;classic&quot;,&quot;shape_divider_bottom&quot;:&quot;opacity-fan&quot;}\">\n\t\t\t\t\t<div class=\"e-con-inner\">\n\t\t\t\t<div class=\"elementor-shape elementor-shape-bottom\" aria-hidden=\"true\" data-negative=\"false\">\n\t\t\t<svg xmlns=\"http:\/\/www.w3.org\/2000\/svg\" viewBox=\"0 0 283.5 19.6\" preserveAspectRatio=\"none\">\n\t<path class=\"elementor-shape-fill\" style=\"opacity:0.33\" d=\"M0 0L0 18.8 141.8 4.1 283.5 18.8 283.5 0z\"\/>\n\t<path class=\"elementor-shape-fill\" style=\"opacity:0.33\" d=\"M0 0L0 12.6 141.8 4 283.5 12.6 283.5 0z\"\/>\n\t<path class=\"elementor-shape-fill\" style=\"opacity:0.33\" d=\"M0 0L0 6.4 141.8 4 283.5 6.4 283.5 0z\"\/>\n\t<path class=\"elementor-shape-fill\" d=\"M0 0L0 1.2 141.8 4 283.5 1.2 283.5 0z\"\/>\n<\/svg>\t\t<\/div>\n\t\t\t\t<div class=\"elementor-element elementor-element-d496be7 elementor-widget elementor-widget-spacer\" data-id=\"d496be7\" data-element_type=\"widget\" data-widget_type=\"spacer.default\">\n\t\t\t\t<div class=\"elementor-widget-container\">\n\t\t\t\t\t\t\t<div class=\"elementor-spacer\">\n\t\t\t<div class=\"elementor-spacer-inner\"><\/div>\n\t\t<\/div>\n\t\t\t\t\t\t<\/div>\n\t\t\t\t<\/div>\n\t\t\t\t\t<\/div>\n\t\t\t\t<\/div>\n\t\t<div class=\"elementor-element elementor-element-69c285c3 e-flex e-con-boxed e-con e-parent\" data-id=\"69c285c3\" data-element_type=\"container\" data-settings=\"{&quot;background_background&quot;:&quot;classic&quot;}\">\n\t\t\t\t\t<div class=\"e-con-inner\">\n\t\t<div class=\"elementor-element elementor-element-149bde4b e-flex e-con-boxed elementor-invisible e-con e-child\" data-id=\"149bde4b\" data-element_type=\"container\" data-settings=\"{&quot;animation&quot;:&quot;fadeInDown&quot;,&quot;animation_delay&quot;:600,&quot;background_background&quot;:&quot;classic&quot;}\">\n\t\t\t\t\t<div class=\"e-con-inner\">\n\t\t\t\t<div class=\"elementor-element elementor-element-3d2f6951 elementor-widget elementor-widget-html\" data-id=\"3d2f6951\" data-element_type=\"widget\" data-widget_type=\"html.default\">\n\t\t\t\t<div class=\"elementor-widget-container\">\n\t\t\t\t\t<script data-quovai-location-tag=\"hotelthomas\" data-quovai-lang=\"de\" data-quovai-widget=\"embedded\" src=\"https:\/\/booking.quovai.com\/openworld\/widget.min.js\"><\/script>\t\t\t\t<\/div>\n\t\t\t\t<\/div>\n\t\t\t\t\t<\/div>\n\t\t\t\t<\/div>\n\t\t\t\t\t<\/div>\n\t\t\t\t<\/div>\n\t\t<div class=\"elementor-element elementor-element-2def48b e-flex e-con-boxed e-con e-parent\" data-id=\"2def48b\" data-element_type=\"container\">\n\t\t\t\t\t<div class=\"e-con-inner\">\n\t\t<div class=\"elementor-element elementor-element-cd742b3 e-con-full e-flex e-con e-child\" data-id=\"cd742b3\" data-element_type=\"container\">\n\t\t\t\t<div class=\"elementor-element elementor-element-ce64bc5 elementor-widget elementor-widget-heading\" data-id=\"ce64bc5\" data-element_type=\"widget\" data-widget_type=\"heading.default\">\n\t\t\t\t<div class=\"elementor-widget-container\">\n\t\t\t\t\t<h3 class=\"elementor-heading-title elementor-size-default\">Preisliste 2025<\/h3>\t\t\t\t<\/div>\n\t\t\t\t<\/div>\n\t\t\t\t<div class=\"elementor-element elementor-element-2598264 elementor-widget elementor-widget-text-editor\" data-id=\"2598264\" data-element_type=\"widget\" data-widget_type=\"text-editor.default\">\n\t\t\t\t<div class=\"elementor-widget-container\">\n\t\t\t\t\t\t\t\t\t<p>Preise pro Person und Tag.<\/p>\t\t\t\t\t\t\t\t<\/div>\n\t\t\t\t<\/div>\n\t\t\t\t<div class=\"elementor-element elementor-element-0212aca elementor-widget elementor-widget-shortcode\" data-id=\"0212aca\" data-element_type=\"widget\" data-widget_type=\"shortcode.default\">\n\t\t\t\t<div class=\"elementor-widget-container\">\n\t\t\t\t\t\t\t<div class=\"elementor-shortcode\">\n<table id=\"tablepress-3\" class=\"tablepress tablepress-id-3\">\n<thead>\n<tr class=\"row-1\">\n\t<th class=\"column-1\">Perioden<\/th><th class=\"column-2\">Nur Zimmer<\/th><th class=\"column-3\">\u00dcbernachtung mit Fr\u00fchst\u00fcck<\/th><th class=\"column-4\">Abendessenzuschlag<\/th>\n<\/tr>\n<\/thead>\n<tbody class=\"row-striping\">\n<tr class=\"row-2\">\n\t<td class=\"column-1\">10\/05 - 06\/06<br \/>\n20\/09 - 12\/10<\/td><td class=\"column-2\">52 \u20ac<\/td><td class=\"column-3\">57 \u20ac<\/td><td class=\"column-4\">30 \u20ac<\/td>\n<\/tr>\n<tr class=\"row-3\">\n\t<td class=\"column-1\">07\/06 - 20\/06<br \/>\n13\/09 - 19\/09<\/td><td class=\"column-2\">64 \u20ac<\/td><td class=\"column-3\">69 \u20ac<\/td><td class=\"column-4\">30 \u20ac<\/td>\n<\/tr>\n<tr class=\"row-4\">\n\t<td class=\"column-1\">21\/06 - 18\/07<br \/>\n30\/08 - 12\/09<\/td><td class=\"column-2\">79 \u20ac<\/td><td class=\"column-3\">84 \u20ac<\/td><td class=\"column-4\">30 \u20ac<\/td>\n<\/tr>\n<tr class=\"row-5\">\n\t<td class=\"column-1\">19\/07 - 01\/08<br \/>\n23\/08 - 29\/08<\/td><td class=\"column-2\">89 \u20ac<\/td><td class=\"column-3\">94 \u20ac<\/td><td class=\"column-4\">30 \u20ac<\/td>\n<\/tr>\n<tr class=\"row-6\">\n\t<td class=\"column-1\">02\/08 - 22\/08<\/td><td class=\"column-2\">105 \u20ac<\/td><td class=\"column-3\">110 \u20ac<\/td><td class=\"column-4\">30 \u20ac<\/td>\n<\/tr>\n<tr class=\"row-7\">\n\t<td class=\"column-1\"><\/td><td class=\"column-2\"><\/td><td class=\"column-3\"><\/td><td class=\"column-4\"><\/td>\n<\/tr>\n<\/tbody>\n<\/table>\n<!-- #tablepress-3 from cache --><\/div>\n\t\t\t\t\t\t<\/div>\n\t\t\t\t<\/div>\n\t\t\t\t<\/div>\n\t\t\t\t\t<\/div>\n\t\t\t\t<\/div>\n\t\t<div class=\"elementor-element elementor-element-aa6fea4 e-flex e-con-boxed e-con e-parent\" data-id=\"aa6fea4\" data-element_type=\"container\" data-settings=\"{&quot;background_background&quot;:&quot;classic&quot;}\">\n\t\t\t\t\t<div class=\"e-con-inner\">\n\t\t<div class=\"elementor-element elementor-element-50a55e2 e-con-full e-flex e-con e-child\" data-id=\"50a55e2\" data-element_type=\"container\">\n\t\t\t\t<div class=\"elementor-element elementor-element-bed57b5 elementor-widget elementor-widget-heading\" data-id=\"bed57b5\" data-element_type=\"widget\" data-widget_type=\"heading.default\">\n\t\t\t\t<div class=\"elementor-widget-container\">\n\t\t\t\t\t<h3 class=\"elementor-heading-title elementor-size-default\">An-und Abfahrt<\/h3>\t\t\t\t<\/div>\n\t\t\t\t<\/div>\n\t\t\t\t<div class=\"elementor-element elementor-element-189a8de elementor-widget elementor-widget-text-editor\" data-id=\"189a8de\" data-element_type=\"widget\" data-widget_type=\"text-editor.default\">\n\t\t\t\t<div class=\"elementor-widget-container\">\n\t\t\t\t\t\t\t\t\t<p>\u2022 Check-in: nach 14:00 Uhr<br \/>\u2022 Check-out: vor 10:00 Uhr<\/p>\t\t\t\t\t\t\t\t<\/div>\n\t\t\t\t<\/div>\n\t\t\t\t<\/div>\n\t\t<div class=\"elementor-element elementor-element-24e61c8 e-con-full e-flex e-con e-child\" data-id=\"24e61c8\" data-element_type=\"container\">\n\t\t\t\t<div class=\"elementor-element elementor-element-1d0fc02 elementor-widget elementor-widget-heading\" data-id=\"1d0fc02\" data-element_type=\"widget\" data-widget_type=\"heading.default\">\n\t\t\t\t<div class=\"elementor-widget-container\">\n\t\t\t\t\t<h3 class=\"elementor-heading-title elementor-size-default\">Rabatt f\u00fcr das 3. Bett<\/h3>\t\t\t\t<\/div>\n\t\t\t\t<\/div>\n\t\t\t\t<div class=\"elementor-element elementor-element-11ad4ae elementor-widget elementor-widget-text-editor\" data-id=\"11ad4ae\" data-element_type=\"widget\" data-widget_type=\"text-editor.default\">\n\t\t\t\t<div class=\"elementor-widget-container\">\n\t\t\t\t\t\t\t\t\t<p>\u2022 von 0 bis 6 Jahren: 30 %<br>\n\u2022 ab 7 Jahren: 15 %<\/p>\t\t\t\t\t\t\t\t<\/div>\n\t\t\t\t<\/div>\n\t\t\t\t<\/div>\n\t\t\t\t\t<\/div>\n\t\t\t\t<\/div>\n\t\t\t\t<\/div>\n\t\t","protected":false},"excerpt":{"rendered":"<p>Preisliste 2025 Preise pro Person und Tag. An-und Abfahrt \u2022 Check-in: nach 14:00 Uhr\u2022 Check-out: vor 10:00 Uhr Rabatt f\u00fcr das 3. Bett \u2022 von 0 bis 6 Jahren: 30 % \u2022 ab 7 Jahren: 15 %<\/p>\n","protected":false},"author":1,"featured_media":7071,"parent":0,"menu_order":4,"comment_status":"closed","ping_status":"closed","template":"template-homepage.php","meta":{"_joinchat":[],"footnotes":""},"class_list":["post-7551","page","type-page","status-publish","has-post-thumbnail","hentry"],"yoast_head":"<!-- This site is optimized with the Yoast SEO plugin v26.1.1 - https:\/\/yoast.com\/wordpress\/plugins\/seo\/ -->\n<title>Preise - Hotel Thomas - Marina di Campo, Insel Elba<\/title>\n<meta name=\"robots\" content=\"index, follow, max-snippet:-1, max-image-preview:large, max-video-preview:-1\" \/>\n<link rel=\"canonical\" href=\"https:\/\/www.hotelthomas.it\/de\/preise\/\" \/>\n<meta property=\"og:locale\" content=\"de_DE\" \/>\n<meta property=\"og:type\" content=\"article\" \/>\n<meta property=\"og:title\" content=\"Preise - Hotel Thomas - Marina di Campo, Insel Elba\" \/>\n<meta property=\"og:description\" content=\"Preisliste 2025 Preise pro Person und Tag. An-und Abfahrt \u2022 Check-in: nach 14:00 Uhr\u2022 Check-out: vor 10:00 Uhr Rabatt f\u00fcr das 3. Bett \u2022 von 0 bis 6 Jahren: 30 % \u2022 ab 7 Jahren: 15 %\" \/>\n<meta property=\"og:url\" content=\"https:\/\/www.hotelthomas.it\/de\/preise\/\" \/>\n<meta property=\"og:site_name\" content=\"Hotel Thomas\" \/>\n<meta property=\"article:modified_time\" content=\"2025-06-30T15:48:04+00:00\" \/>\n<meta property=\"og:image\" content=\"https:\/\/www.hotelthomas.it\/wp-content\/uploads\/cropped-hotel_thomas_q.png\" \/>\n\t<meta property=\"og:image:width\" content=\"512\" \/>\n\t<meta property=\"og:image:height\" content=\"512\" \/>\n\t<meta property=\"og:image:type\" content=\"image\/png\" \/>\n<meta name=\"twitter:card\" content=\"summary_large_image\" \/>\n<meta name=\"twitter:label1\" content=\"Gesch\u00e4tzte Lesezeit\" \/>\n\t<meta name=\"twitter:data1\" content=\"9\u00a0Minuten\" \/>\n<script type=\"application\/ld+json\" class=\"yoast-schema-graph\">{\"@context\":\"https:\/\/schema.org\",\"@graph\":[{\"@type\":\"WebPage\",\"@id\":\"https:\/\/www.hotelthomas.it\/de\/preise\/\",\"url\":\"https:\/\/www.hotelthomas.it\/de\/preise\/\",\"name\":\"Preise - Hotel Thomas - Marina di Campo, Insel Elba\",\"isPartOf\":{\"@id\":\"https:\/\/www.hotelthomas.it\/de\/#website\"},\"primaryImageOfPage\":{\"@id\":\"https:\/\/www.hotelthomas.it\/de\/preise\/#primaryimage\"},\"image\":{\"@id\":\"https:\/\/www.hotelthomas.it\/de\/preise\/#primaryimage\"},\"thumbnailUrl\":\"https:\/\/www.hotelthomas.it\/wp-content\/uploads\/cropped-hotel_thomas_q.png\",\"datePublished\":\"2023-07-20T06:56:46+00:00\",\"dateModified\":\"2025-06-30T15:48:04+00:00\",\"breadcrumb\":{\"@id\":\"https:\/\/www.hotelthomas.it\/de\/preise\/#breadcrumb\"},\"inLanguage\":\"de\",\"potentialAction\":[{\"@type\":\"ReadAction\",\"target\":[\"https:\/\/www.hotelthomas.it\/de\/preise\/\"]}]},{\"@type\":\"ImageObject\",\"inLanguage\":\"de\",\"@id\":\"https:\/\/www.hotelthomas.it\/de\/preise\/#primaryimage\",\"url\":\"https:\/\/www.hotelthomas.it\/wp-content\/uploads\/cropped-hotel_thomas_q.png\",\"contentUrl\":\"https:\/\/www.hotelthomas.it\/wp-content\/uploads\/cropped-hotel_thomas_q.png\",\"width\":512,\"height\":512},{\"@type\":\"BreadcrumbList\",\"@id\":\"https:\/\/www.hotelthomas.it\/de\/preise\/#breadcrumb\",\"itemListElement\":[{\"@type\":\"ListItem\",\"position\":1,\"name\":\"Home\",\"item\":\"https:\/\/www.hotelthomas.it\/de\/\"},{\"@type\":\"ListItem\",\"position\":2,\"name\":\"Preise\"}]},{\"@type\":\"WebSite\",\"@id\":\"https:\/\/www.hotelthomas.it\/de\/#website\",\"url\":\"https:\/\/www.hotelthomas.it\/de\/\",\"name\":\"hotelthomas.it\",\"description\":\"Marina di Campo, Insel Elba\",\"publisher\":{\"@id\":\"https:\/\/www.hotelthomas.it\/de\/#organization\"},\"potentialAction\":[{\"@type\":\"SearchAction\",\"target\":{\"@type\":\"EntryPoint\",\"urlTemplate\":\"https:\/\/www.hotelthomas.it\/de\/?s={search_term_string}\"},\"query-input\":{\"@type\":\"PropertyValueSpecification\",\"valueRequired\":true,\"valueName\":\"search_term_string\"}}],\"inLanguage\":\"de\"},{\"@type\":\"Organization\",\"@id\":\"https:\/\/www.hotelthomas.it\/de\/#organization\",\"name\":\"Hotel Thomas\",\"url\":\"https:\/\/www.hotelthomas.it\/de\/\",\"logo\":{\"@type\":\"ImageObject\",\"inLanguage\":\"de\",\"@id\":\"https:\/\/www.hotelthomas.it\/de\/#\/schema\/logo\/image\/\",\"url\":\"https:\/\/www.hotelthomas.it\/wp-content\/uploads\/hotel_thomas_remake_vertical.png\",\"contentUrl\":\"https:\/\/www.hotelthomas.it\/wp-content\/uploads\/hotel_thomas_remake_vertical.png\",\"width\":640,\"height\":562,\"caption\":\"Hotel Thomas\"},\"image\":{\"@id\":\"https:\/\/www.hotelthomas.it\/de\/#\/schema\/logo\/image\/\"}}]}<\/script>\n<!-- \/ Yoast SEO plugin. -->","yoast_head_json":{"title":"Preise - Hotel Thomas - Marina di Campo, Insel Elba","robots":{"index":"index","follow":"follow","max-snippet":"max-snippet:-1","max-image-preview":"max-image-preview:large","max-video-preview":"max-video-preview:-1"},"canonical":"https:\/\/www.hotelthomas.it\/de\/preise\/","og_locale":"de_DE","og_type":"article","og_title":"Preise - Hotel Thomas - Marina di Campo, Insel Elba","og_description":"Preisliste 2025 Preise pro Person und Tag. An-und Abfahrt \u2022 Check-in: nach 14:00 Uhr\u2022 Check-out: vor 10:00 Uhr Rabatt f\u00fcr das 3. Bett \u2022 von 0 bis 6 Jahren: 30 % \u2022 ab 7 Jahren: 15 %","og_url":"https:\/\/www.hotelthomas.it\/de\/preise\/","og_site_name":"Hotel Thomas","article_modified_time":"2025-06-30T15:48:04+00:00","og_image":[{"width":512,"height":512,"url":"https:\/\/www.hotelthomas.it\/wp-content\/uploads\/cropped-hotel_thomas_q.png","type":"image\/png"}],"twitter_card":"summary_large_image","twitter_misc":{"Gesch\u00e4tzte Lesezeit":"9\u00a0Minuten"},"schema":{"@context":"https:\/\/schema.org","@graph":[{"@type":"WebPage","@id":"https:\/\/www.hotelthomas.it\/de\/preise\/","url":"https:\/\/www.hotelthomas.it\/de\/preise\/","name":"Preise - Hotel Thomas - Marina di Campo, Insel Elba","isPartOf":{"@id":"https:\/\/www.hotelthomas.it\/de\/#website"},"primaryImageOfPage":{"@id":"https:\/\/www.hotelthomas.it\/de\/preise\/#primaryimage"},"image":{"@id":"https:\/\/www.hotelthomas.it\/de\/preise\/#primaryimage"},"thumbnailUrl":"https:\/\/www.hotelthomas.it\/wp-content\/uploads\/cropped-hotel_thomas_q.png","datePublished":"2023-07-20T06:56:46+00:00","dateModified":"2025-06-30T15:48:04+00:00","breadcrumb":{"@id":"https:\/\/www.hotelthomas.it\/de\/preise\/#breadcrumb"},"inLanguage":"de","potentialAction":[{"@type":"ReadAction","target":["https:\/\/www.hotelthomas.it\/de\/preise\/"]}]},{"@type":"ImageObject","inLanguage":"de","@id":"https:\/\/www.hotelthomas.it\/de\/preise\/#primaryimage","url":"https:\/\/www.hotelthomas.it\/wp-content\/uploads\/cropped-hotel_thomas_q.png","contentUrl":"https:\/\/www.hotelthomas.it\/wp-content\/uploads\/cropped-hotel_thomas_q.png","width":512,"height":512},{"@type":"BreadcrumbList","@id":"https:\/\/www.hotelthomas.it\/de\/preise\/#breadcrumb","itemListElement":[{"@type":"ListItem","position":1,"name":"Home","item":"https:\/\/www.hotelthomas.it\/de\/"},{"@type":"ListItem","position":2,"name":"Preise"}]},{"@type":"WebSite","@id":"https:\/\/www.hotelthomas.it\/de\/#website","url":"https:\/\/www.hotelthomas.it\/de\/","name":"hotelthomas.it","description":"Marina di Campo, Insel Elba","publisher":{"@id":"https:\/\/www.hotelthomas.it\/de\/#organization"},"potentialAction":[{"@type":"SearchAction","target":{"@type":"EntryPoint","urlTemplate":"https:\/\/www.hotelthomas.it\/de\/?s={search_term_string}"},"query-input":{"@type":"PropertyValueSpecification","valueRequired":true,"valueName":"search_term_string"}}],"inLanguage":"de"},{"@type":"Organization","@id":"https:\/\/www.hotelthomas.it\/de\/#organization","name":"Hotel Thomas","url":"https:\/\/www.hotelthomas.it\/de\/","logo":{"@type":"ImageObject","inLanguage":"de","@id":"https:\/\/www.hotelthomas.it\/de\/#\/schema\/logo\/image\/","url":"https:\/\/www.hotelthomas.it\/wp-content\/uploads\/hotel_thomas_remake_vertical.png","contentUrl":"https:\/\/www.hotelthomas.it\/wp-content\/uploads\/hotel_thomas_remake_vertical.png","width":640,"height":562,"caption":"Hotel Thomas"},"image":{"@id":"https:\/\/www.hotelthomas.it\/de\/#\/schema\/logo\/image\/"}}]}},"_links":{"self":[{"href":"https:\/\/www.hotelthomas.it\/de\/wp-json\/wp\/v2\/pages\/7551","targetHints":{"allow":["GET"]}}],"collection":[{"href":"https:\/\/www.hotelthomas.it\/de\/wp-json\/wp\/v2\/pages"}],"about":[{"href":"https:\/\/www.hotelthomas.it\/de\/wp-json\/wp\/v2\/types\/page"}],"author":[{"embeddable":true,"href":"https:\/\/www.hotelthomas.it\/de\/wp-json\/wp\/v2\/users\/1"}],"replies":[{"embeddable":true,"href":"https:\/\/www.hotelthomas.it\/de\/wp-json\/wp\/v2\/comments?post=7551"}],"version-history":[{"count":10,"href":"https:\/\/www.hotelthomas.it\/de\/wp-json\/wp\/v2\/pages\/7551\/revisions"}],"predecessor-version":[{"id":7921,"href":"https:\/\/www.hotelthomas.it\/de\/wp-json\/wp\/v2\/pages\/7551\/revisions\/7921"}],"wp:featuredmedia":[{"embeddable":true,"href":"https:\/\/www.hotelthomas.it\/de\/wp-json\/wp\/v2\/media\/7071"}],"wp:attachment":[{"href":"https:\/\/www.hotelthomas.it\/de\/wp-json\/wp\/v2\/media?parent=7551"}],"curies":[{"name":"wp","href":"https:\/\/api.w.org\/{rel}","templated":true}]}}