{"id":7517,"date":"2023-07-17T15:55:12","date_gmt":"2023-07-17T13:55:12","guid":{"rendered":"https:\/\/www.hotelthomas.it\/lage\/isola-d-elba\/"},"modified":"2023-09-06T12:48:05","modified_gmt":"2023-09-06T10:48:05","slug":"insel-elba","status":"publish","type":"page","link":"https:\/\/www.hotelthomas.it\/de\/lage\/insel-elba\/","title":{"rendered":"Insel Elba"},"content":{"rendered":"\t\t<div data-elementor-type=\"wp-page\" data-elementor-id=\"7517\" class=\"elementor elementor-7517 elementor-6535\">\n\t\t\t\t<div class=\"elementor-element elementor-element-e9886a2 e-flex e-con-boxed e-con e-parent\" data-id=\"e9886a2\" data-element_type=\"container\" data-settings=\"{&quot;background_background&quot;:&quot;classic&quot;,&quot;shape_divider_bottom&quot;:&quot;opacity-fan&quot;}\">\n\t\t\t\t\t<div class=\"e-con-inner\">\n\t\t\t\t<div class=\"elementor-shape elementor-shape-bottom\" aria-hidden=\"true\" data-negative=\"false\">\n\t\t\t<svg xmlns=\"http:\/\/www.w3.org\/2000\/svg\" viewBox=\"0 0 283.5 19.6\" preserveAspectRatio=\"none\">\n\t<path class=\"elementor-shape-fill\" style=\"opacity:0.33\" d=\"M0 0L0 18.8 141.8 4.1 283.5 18.8 283.5 0z\"\/>\n\t<path class=\"elementor-shape-fill\" style=\"opacity:0.33\" d=\"M0 0L0 12.6 141.8 4 283.5 12.6 283.5 0z\"\/>\n\t<path class=\"elementor-shape-fill\" style=\"opacity:0.33\" d=\"M0 0L0 6.4 141.8 4 283.5 6.4 283.5 0z\"\/>\n\t<path class=\"elementor-shape-fill\" d=\"M0 0L0 1.2 141.8 4 283.5 1.2 283.5 0z\"\/>\n<\/svg>\t\t<\/div>\n\t\t\t\t<div class=\"elementor-element elementor-element-d496be7 elementor-widget elementor-widget-spacer\" data-id=\"d496be7\" data-element_type=\"widget\" data-widget_type=\"spacer.default\">\n\t\t\t\t<div class=\"elementor-widget-container\">\n\t\t\t\t\t\t\t<div class=\"elementor-spacer\">\n\t\t\t<div class=\"elementor-spacer-inner\"><\/div>\n\t\t<\/div>\n\t\t\t\t\t\t<\/div>\n\t\t\t\t<\/div>\n\t\t\t\t\t<\/div>\n\t\t\t\t<\/div>\n\t\t<div class=\"elementor-element elementor-element-2def48b e-flex e-con-boxed e-con e-parent\" data-id=\"2def48b\" data-element_type=\"container\">\n\t\t\t\t\t<div class=\"e-con-inner\">\n\t\t<div class=\"elementor-element elementor-element-cd742b3 e-con-full e-flex e-con e-parent\" data-id=\"cd742b3\" data-element_type=\"container\">\n\t\t\t\t<div class=\"elementor-element elementor-element-ce64bc5 elementor-widget elementor-widget-heading\" data-id=\"ce64bc5\" data-element_type=\"widget\" data-widget_type=\"heading.default\">\n\t\t\t\t<div class=\"elementor-widget-container\">\n\t\t\t\t\t<h3 class=\"elementor-heading-title elementor-size-default\">Insel Elba<\/h3>\t\t\t\t<\/div>\n\t\t\t\t<\/div>\n\t\t\t\t<div class=\"elementor-element elementor-element-2598264 elementor-widget elementor-widget-text-editor\" data-id=\"2598264\" data-element_type=\"widget\" data-widget_type=\"text-editor.default\">\n\t\t\t\t<div class=\"elementor-widget-container\">\n\t\t\t\t\t\t\t\t\t<p>Die Perle des Tyrrhenischen Meeres.<\/p>\t\t\t\t\t\t\t\t<\/div>\n\t\t\t\t<\/div>\n\t\t\t\t<div class=\"elementor-element elementor-element-189a8de elementor-widget elementor-widget-text-editor\" data-id=\"189a8de\" data-element_type=\"widget\" data-widget_type=\"text-editor.default\">\n\t\t\t\t<div class=\"elementor-widget-container\">\n\t\t\t\t\t\t\t\t\t<p>Willkommen auf der Insel Elba, einem Juwel im Tyrrhenischen Meer und der drittgr\u00f6\u00dften Insel Italiens. Diese faszinierende Insel ist ein wahres Paradies f\u00fcr Naturliebhaber mit atemberaubenden Landschaften, unber\u00fchrten Str\u00e4nden und einer reichen Geschichte, die bis in die etruskische und r\u00f6mische Zeit zur\u00fcckreicht. Lassen Sie sich von dieser wundersch\u00f6nen Insel begeistern und entdecken Sie all ihre Wunder.<\/p><p>Die Insel Elba ist bekannt f\u00fcr ihre bezaubernden Str\u00e4nde. Hier finden Sie goldene Sandstr\u00e4nde, kristallklares Wasser und abgelegene Buchten, die Sie wie im Paradies f\u00fchlen lassen. Zu den bekanntesten Str\u00e4nden geh\u00f6ren Sansone, Capo Bianco, Cavoli, Marina di Campo und Fetovaia, von denen jeder seinen eigenen einzigartigen Charme hat. Egal, ob Sie Ruhe und Entspannung suchen oder Wassersportabenteuer wie Schnorcheln und Tauchen erleben m\u00f6chten, auf der Insel Elba finden Sie garantiert den perfekten Strand f\u00fcr sich.<\/p><p>Neben den wundersch\u00f6nen Str\u00e4nden bietet die Insel eine Vielzahl von Outdoor-Aktivit\u00e4ten. Sie k\u00f6nnen die Wanderwege erkunden, die sich durch das Landesinnere schl\u00e4ngeln und atemberaubende Ausblicke auf die K\u00fcste und die mediterrane Vegetation bieten. Die Insel Elba ist auch ein Paradies f\u00fcr Fahrradfahrer mit Strecken f\u00fcr alle Erfahrungsstufen. Vergessen Sie nicht, den Monte Capanne zu besuchen, den h\u00f6chsten Punkt der Insel, von dem aus Sie eine unvergessliche Panoramaaussicht genie\u00dfen k\u00f6nnen.<\/p><p>Die Insel Elba ist jedoch nicht nur von Natur gepr\u00e4gt, sondern hat auch eine reiche Geschichte und Kultur. Ihre Hauptstadt, Portoferraio, wird von der majest\u00e4tischen Medici-Festung dominiert, die einen atemberaubenden Blick auf den Hafen bietet. Schlendern Sie durch ihre alten gepflasterten Stra\u00dfen, besuchen Sie das Napoleonische Museum und entdecken Sie die Geheimnisse von Napoleon Bonaparte, der zehn Monate lang auf der Insel im Exil war. Verpassen Sie es nicht, die charakteristischen historischen D\u00f6rfer der Insel zu erkunden, wie Marciana Alta, Poggio, San Piero, Sant&#8217;Ilario, Capoliveri und Rio nell&#8217;Elba, oder ihre K\u00fcstend\u00f6rfer wie Porto Azzurro, Marciana Marina und Marina di Campo, mit ihren malerischen Pl\u00e4tzen und lebendigen M\u00e4rkten.<\/p><p>Die Insel Elba bietet auch eine k\u00f6stliche lokale K\u00fcche, die mediterrane Aromen mit frischem Fisch und regionalen Zutaten kombiniert. Probieren Sie die ber\u00fchmte Fischsuppe, das &#8222;Cacciucco all&#8217;elbana&#8220;, oder kosten Sie die exquisiten Weine, die auf der Insel produziert werden. Vergessen Sie nicht, die &#8222;Schiaccia Briaca&#8220; zu probieren, ein traditionelles Dessert mit Rosinen und dem ber\u00fchmten Aleatico-Wein von Elba.<\/p><p>Ob Sie einen entspannten Strandurlaub, Outdoor-Abenteuer oder eine Tauchfahrt in Geschichte und Kultur suchen, die Insel Elba ist der perfekte Ort, um alle Ihre W\u00fcnsche zu erf\u00fcllen. Kommen Sie und entdecken Sie diesen versteckten Schatz im Tyrrhenischen Meer. Wir im Bed &amp; Breakfast Hotel Thomas werden alles daf\u00fcr tun, um Ihnen einen unvergesslichen Urlaub auf Elba zu erm\u00f6glichen.<\/p>\t\t\t\t\t\t\t\t<\/div>\n\t\t\t\t<\/div>\n\t\t\t\t<\/div>\n\t\t\t\t\t<\/div>\n\t\t\t\t<\/div>\n\t\t<div class=\"elementor-element elementor-element-aa6fea4 e-flex e-con-boxed e-con e-parent\" data-id=\"aa6fea4\" data-element_type=\"container\" data-settings=\"{&quot;background_background&quot;:&quot;classic&quot;}\">\n\t\t\t\t\t<div class=\"e-con-inner\">\n\t\t<div class=\"elementor-element elementor-element-50a55e2 e-con-full e-flex e-con e-parent\" data-id=\"50a55e2\" data-element_type=\"container\">\n\t\t\t\t<div class=\"elementor-element elementor-element-b7457c5 elementor-arrows-position-inside elementor-widget elementor-widget-image-carousel\" data-id=\"b7457c5\" data-element_type=\"widget\" data-settings=\"{&quot;navigation&quot;:&quot;arrows&quot;,&quot;image_spacing_custom&quot;:{&quot;unit&quot;:&quot;px&quot;,&quot;size&quot;:15,&quot;sizes&quot;:[]},&quot;autoplay&quot;:&quot;yes&quot;,&quot;pause_on_hover&quot;:&quot;yes&quot;,&quot;pause_on_interaction&quot;:&quot;yes&quot;,&quot;autoplay_speed&quot;:5000,&quot;infinite&quot;:&quot;yes&quot;,&quot;speed&quot;:500,&quot;image_spacing_custom_laptop&quot;:{&quot;unit&quot;:&quot;px&quot;,&quot;size&quot;:&quot;&quot;,&quot;sizes&quot;:[]},&quot;image_spacing_custom_tablet_extra&quot;:{&quot;unit&quot;:&quot;px&quot;,&quot;size&quot;:&quot;&quot;,&quot;sizes&quot;:[]},&quot;image_spacing_custom_tablet&quot;:{&quot;unit&quot;:&quot;px&quot;,&quot;size&quot;:&quot;&quot;,&quot;sizes&quot;:[]},&quot;image_spacing_custom_mobile_extra&quot;:{&quot;unit&quot;:&quot;px&quot;,&quot;size&quot;:&quot;&quot;,&quot;sizes&quot;:[]},&quot;image_spacing_custom_mobile&quot;:{&quot;unit&quot;:&quot;px&quot;,&quot;size&quot;:&quot;&quot;,&quot;sizes&quot;:[]}}\" data-widget_type=\"image-carousel.default\">\n\t\t\t\t<div class=\"elementor-widget-container\">\n\t\t\t\t\t\t\t<div class=\"elementor-image-carousel-wrapper swiper\" role=\"region\" aria-roledescription=\"carousel\" aria-label=\"Bild Karussell\" dir=\"ltr\">\n\t\t\t<div class=\"elementor-image-carousel swiper-wrapper\" aria-live=\"off\">\n\t\t\t\t\t\t\t\t<div class=\"swiper-slide\" role=\"group\" aria-roledescription=\"slide\" aria-label=\"1 von 8\"><a data-elementor-open-lightbox=\"yes\" data-elementor-lightbox-slideshow=\"b7457c5\" data-elementor-lightbox-title=\"Marciana Marina\" data-e-action-hash=\"#elementor-action%3Aaction%3Dlightbox%26settings%3DeyJpZCI6NzE3OSwidXJsIjoiaHR0cHM6XC9cL3d3dy5ob3RlbHRob21hcy5pdFwvd3AtY29udGVudFwvdXBsb2Fkc1wvaXNvbGFfZF9lbGJhXzAxLmpwZyIsInNsaWRlc2hvdyI6ImI3NDU3YzUifQ%3D%3D\" href=\"https:\/\/www.hotelthomas.it\/wp-content\/uploads\/isola_d_elba_01.jpg\"><figure class=\"swiper-slide-inner\"><img decoding=\"async\" class=\"swiper-slide-image\" src=\"https:\/\/www.hotelthomas.it\/wp-content\/uploads\/isola_d_elba_01-768x576.jpg\" alt=\"Marciana Marina\" \/><\/figure><\/a><\/div><div class=\"swiper-slide\" role=\"group\" aria-roledescription=\"slide\" aria-label=\"2 von 8\"><a data-elementor-open-lightbox=\"yes\" data-elementor-lightbox-slideshow=\"b7457c5\" data-elementor-lightbox-title=\"Isola d&#039;Elba\" data-e-action-hash=\"#elementor-action%3Aaction%3Dlightbox%26settings%3DeyJpZCI6NzE4MSwidXJsIjoiaHR0cHM6XC9cL3d3dy5ob3RlbHRob21hcy5pdFwvd3AtY29udGVudFwvdXBsb2Fkc1wvaXNvbGFfZF9lbGJhXzAyLmpwZyIsInNsaWRlc2hvdyI6ImI3NDU3YzUifQ%3D%3D\" href=\"https:\/\/www.hotelthomas.it\/wp-content\/uploads\/isola_d_elba_02.jpg\"><figure class=\"swiper-slide-inner\"><img decoding=\"async\" class=\"swiper-slide-image\" src=\"https:\/\/www.hotelthomas.it\/wp-content\/uploads\/isola_d_elba_02-768x576.jpg\" alt=\"Isola d&#039;Elba\" \/><\/figure><\/a><\/div><div class=\"swiper-slide\" role=\"group\" aria-roledescription=\"slide\" aria-label=\"3 von 8\"><a data-elementor-open-lightbox=\"yes\" data-elementor-lightbox-slideshow=\"b7457c5\" data-elementor-lightbox-title=\"Porto Azzurro\" data-e-action-hash=\"#elementor-action%3Aaction%3Dlightbox%26settings%3DeyJpZCI6NzE4MywidXJsIjoiaHR0cHM6XC9cL3d3dy5ob3RlbHRob21hcy5pdFwvd3AtY29udGVudFwvdXBsb2Fkc1wvaXNvbGFfZF9lbGJhXzAzLmpwZyIsInNsaWRlc2hvdyI6ImI3NDU3YzUifQ%3D%3D\" href=\"https:\/\/www.hotelthomas.it\/wp-content\/uploads\/isola_d_elba_03.jpg\"><figure class=\"swiper-slide-inner\"><img decoding=\"async\" class=\"swiper-slide-image\" src=\"https:\/\/www.hotelthomas.it\/wp-content\/uploads\/isola_d_elba_03-768x576.jpg\" alt=\"Porto Azzurro\" \/><\/figure><\/a><\/div><div class=\"swiper-slide\" role=\"group\" aria-roledescription=\"slide\" aria-label=\"4 von 8\"><a data-elementor-open-lightbox=\"yes\" data-elementor-lightbox-slideshow=\"b7457c5\" data-elementor-lightbox-title=\"Cavoli\" data-e-action-hash=\"#elementor-action%3Aaction%3Dlightbox%26settings%3DeyJpZCI6NzE4NSwidXJsIjoiaHR0cHM6XC9cL3d3dy5ob3RlbHRob21hcy5pdFwvd3AtY29udGVudFwvdXBsb2Fkc1wvaXNvbGFfZF9lbGJhXzA0LmpwZyIsInNsaWRlc2hvdyI6ImI3NDU3YzUifQ%3D%3D\" href=\"https:\/\/www.hotelthomas.it\/wp-content\/uploads\/isola_d_elba_04.jpg\"><figure class=\"swiper-slide-inner\"><img decoding=\"async\" class=\"swiper-slide-image\" src=\"https:\/\/www.hotelthomas.it\/wp-content\/uploads\/isola_d_elba_04-768x576.jpg\" alt=\"Cavoli\" \/><\/figure><\/a><\/div><div class=\"swiper-slide\" role=\"group\" aria-roledescription=\"slide\" aria-label=\"5 von 8\"><a data-elementor-open-lightbox=\"yes\" data-elementor-lightbox-slideshow=\"b7457c5\" data-elementor-lightbox-title=\"Capoliveri\" data-e-action-hash=\"#elementor-action%3Aaction%3Dlightbox%26settings%3DeyJpZCI6NzE4NywidXJsIjoiaHR0cHM6XC9cL3d3dy5ob3RlbHRob21hcy5pdFwvd3AtY29udGVudFwvdXBsb2Fkc1wvaXNvbGFfZF9lbGJhXzA1LmpwZyIsInNsaWRlc2hvdyI6ImI3NDU3YzUifQ%3D%3D\" href=\"https:\/\/www.hotelthomas.it\/wp-content\/uploads\/isola_d_elba_05.jpg\"><figure class=\"swiper-slide-inner\"><img decoding=\"async\" class=\"swiper-slide-image\" src=\"https:\/\/www.hotelthomas.it\/wp-content\/uploads\/isola_d_elba_05-768x576.jpg\" alt=\"Capoliveri\" \/><\/figure><\/a><\/div><div class=\"swiper-slide\" role=\"group\" aria-roledescription=\"slide\" aria-label=\"6 von 8\"><a data-elementor-open-lightbox=\"yes\" data-elementor-lightbox-slideshow=\"b7457c5\" data-elementor-lightbox-title=\"Isola d&#039;Elba\" data-e-action-hash=\"#elementor-action%3Aaction%3Dlightbox%26settings%3DeyJpZCI6NzE4OSwidXJsIjoiaHR0cHM6XC9cL3d3dy5ob3RlbHRob21hcy5pdFwvd3AtY29udGVudFwvdXBsb2Fkc1wvaXNvbGFfZF9lbGJhXzA2LmpwZyIsInNsaWRlc2hvdyI6ImI3NDU3YzUifQ%3D%3D\" href=\"https:\/\/www.hotelthomas.it\/wp-content\/uploads\/isola_d_elba_06.jpg\"><figure class=\"swiper-slide-inner\"><img decoding=\"async\" class=\"swiper-slide-image\" src=\"https:\/\/www.hotelthomas.it\/wp-content\/uploads\/isola_d_elba_06-768x576.jpg\" alt=\"Isola d&#039;Elba\" \/><\/figure><\/a><\/div><div class=\"swiper-slide\" role=\"group\" aria-roledescription=\"slide\" aria-label=\"7 von 8\"><a data-elementor-open-lightbox=\"yes\" data-elementor-lightbox-slideshow=\"b7457c5\" data-elementor-lightbox-title=\"Portoferraio\" data-e-action-hash=\"#elementor-action%3Aaction%3Dlightbox%26settings%3DeyJpZCI6NzE5MSwidXJsIjoiaHR0cHM6XC9cL3d3dy5ob3RlbHRob21hcy5pdFwvd3AtY29udGVudFwvdXBsb2Fkc1wvaXNvbGFfZF9lbGJhXzA3LmpwZyIsInNsaWRlc2hvdyI6ImI3NDU3YzUifQ%3D%3D\" href=\"https:\/\/www.hotelthomas.it\/wp-content\/uploads\/isola_d_elba_07.jpg\"><figure class=\"swiper-slide-inner\"><img decoding=\"async\" class=\"swiper-slide-image\" src=\"https:\/\/www.hotelthomas.it\/wp-content\/uploads\/isola_d_elba_07-768x576.jpg\" alt=\"Portoferraio\" \/><\/figure><\/a><\/div><div class=\"swiper-slide\" role=\"group\" aria-roledescription=\"slide\" aria-label=\"8 von 8\"><a data-elementor-open-lightbox=\"yes\" data-elementor-lightbox-slideshow=\"b7457c5\" data-elementor-lightbox-title=\"Isola d&#039;Elba\" data-e-action-hash=\"#elementor-action%3Aaction%3Dlightbox%26settings%3DeyJpZCI6NzE5MywidXJsIjoiaHR0cHM6XC9cL3d3dy5ob3RlbHRob21hcy5pdFwvd3AtY29udGVudFwvdXBsb2Fkc1wvaXNvbGFfZF9lbGJhXzA4LmpwZyIsInNsaWRlc2hvdyI6ImI3NDU3YzUifQ%3D%3D\" href=\"https:\/\/www.hotelthomas.it\/wp-content\/uploads\/isola_d_elba_08.jpg\"><figure class=\"swiper-slide-inner\"><img decoding=\"async\" class=\"swiper-slide-image\" src=\"https:\/\/www.hotelthomas.it\/wp-content\/uploads\/isola_d_elba_08-768x576.jpg\" alt=\"Isola d&#039;Elba\" \/><\/figure><\/a><\/div>\t\t\t<\/div>\n\t\t\t\t\t\t\t\t\t\t\t\t<div class=\"elementor-swiper-button elementor-swiper-button-prev\" role=\"button\" tabindex=\"0\">\n\t\t\t\t\t\t<i aria-hidden=\"true\" class=\"eicon-chevron-left\"><\/i>\t\t\t\t\t<\/div>\n\t\t\t\t\t<div class=\"elementor-swiper-button elementor-swiper-button-next\" role=\"button\" tabindex=\"0\">\n\t\t\t\t\t\t<i aria-hidden=\"true\" class=\"eicon-chevron-right\"><\/i>\t\t\t\t\t<\/div>\n\t\t\t\t\n\t\t\t\t\t\t\t\t\t<\/div>\n\t\t\t\t\t\t<\/div>\n\t\t\t\t<\/div>\n\t\t\t\t<\/div>\n\t\t\t\t\t<\/div>\n\t\t\t\t<\/div>\n\t\t\t\t<\/div>\n\t\t","protected":false},"excerpt":{"rendered":"<p>Insel Elba Die Perle des Tyrrhenischen Meeres. Willkommen auf der Insel Elba, einem Juwel im Tyrrhenischen Meer und der drittgr\u00f6\u00dften Insel Italiens. Diese faszinierende Insel ist ein wahres Paradies f\u00fcr Naturliebhaber mit atemberaubenden Landschaften, unber\u00fchrten Str\u00e4nden und einer reichen Geschichte, die bis in die etruskische und r\u00f6mische Zeit zur\u00fcckreicht. Lassen Sie sich von dieser wundersch\u00f6nen [&hellip;]<\/p>\n","protected":false},"author":1,"featured_media":7071,"parent":7483,"menu_order":2,"comment_status":"closed","ping_status":"closed","template":"template-homepage.php","meta":{"_joinchat":[],"footnotes":""},"class_list":["post-7517","page","type-page","status-publish","has-post-thumbnail","hentry"],"yoast_head":"<!-- This site is optimized with the Yoast SEO plugin v26.1.1 - https:\/\/yoast.com\/wordpress\/plugins\/seo\/ -->\n<title>Insel Elba - Hotel Thomas - Marina di Campo, Insel Elba<\/title>\n<meta name=\"description\" content=\"Diese faszinierende Insel ist ein wahres Paradies f\u00fcr Naturliebhaber mit atemberaubenden Landschaften, unber\u00fchrten Str\u00e4nden und einer reichen Geschichte.\" \/>\n<meta name=\"robots\" content=\"index, follow, max-snippet:-1, max-image-preview:large, max-video-preview:-1\" \/>\n<link rel=\"canonical\" href=\"https:\/\/www.hotelthomas.it\/de\/lage\/insel-elba\/\" \/>\n<meta property=\"og:locale\" content=\"de_DE\" \/>\n<meta property=\"og:type\" content=\"article\" \/>\n<meta property=\"og:title\" content=\"Insel Elba - Hotel Thomas - Marina di Campo, Insel Elba\" \/>\n<meta property=\"og:description\" content=\"Diese faszinierende Insel ist ein wahres Paradies f\u00fcr Naturliebhaber mit atemberaubenden Landschaften, unber\u00fchrten Str\u00e4nden und einer reichen Geschichte.\" \/>\n<meta property=\"og:url\" content=\"https:\/\/www.hotelthomas.it\/de\/lage\/insel-elba\/\" \/>\n<meta property=\"og:site_name\" content=\"Hotel Thomas\" \/>\n<meta property=\"article:modified_time\" content=\"2023-09-06T10:48:05+00:00\" \/>\n<meta property=\"og:image\" content=\"https:\/\/www.hotelthomas.it\/wp-content\/uploads\/cropped-hotel_thomas_q.png\" \/>\n\t<meta property=\"og:image:width\" content=\"512\" \/>\n\t<meta property=\"og:image:height\" content=\"512\" \/>\n\t<meta property=\"og:image:type\" content=\"image\/png\" \/>\n<meta name=\"twitter:card\" content=\"summary_large_image\" \/>\n<meta name=\"twitter:label1\" content=\"Gesch\u00e4tzte Lesezeit\" \/>\n\t<meta name=\"twitter:data1\" content=\"9\u00a0Minuten\" \/>\n<script type=\"application\/ld+json\" class=\"yoast-schema-graph\">{\"@context\":\"https:\/\/schema.org\",\"@graph\":[{\"@type\":\"WebPage\",\"@id\":\"https:\/\/www.hotelthomas.it\/de\/lage\/insel-elba\/\",\"url\":\"https:\/\/www.hotelthomas.it\/de\/lage\/insel-elba\/\",\"name\":\"Insel Elba - Hotel Thomas - Marina di Campo, Insel Elba\",\"isPartOf\":{\"@id\":\"https:\/\/www.hotelthomas.it\/de\/#website\"},\"primaryImageOfPage\":{\"@id\":\"https:\/\/www.hotelthomas.it\/de\/lage\/insel-elba\/#primaryimage\"},\"image\":{\"@id\":\"https:\/\/www.hotelthomas.it\/de\/lage\/insel-elba\/#primaryimage\"},\"thumbnailUrl\":\"https:\/\/www.hotelthomas.it\/wp-content\/uploads\/cropped-hotel_thomas_q.png\",\"datePublished\":\"2023-07-17T13:55:12+00:00\",\"dateModified\":\"2023-09-06T10:48:05+00:00\",\"description\":\"Diese faszinierende Insel ist ein wahres Paradies f\u00fcr Naturliebhaber mit atemberaubenden Landschaften, unber\u00fchrten Str\u00e4nden und einer reichen Geschichte.\",\"breadcrumb\":{\"@id\":\"https:\/\/www.hotelthomas.it\/de\/lage\/insel-elba\/#breadcrumb\"},\"inLanguage\":\"de\",\"potentialAction\":[{\"@type\":\"ReadAction\",\"target\":[\"https:\/\/www.hotelthomas.it\/de\/lage\/insel-elba\/\"]}]},{\"@type\":\"ImageObject\",\"inLanguage\":\"de\",\"@id\":\"https:\/\/www.hotelthomas.it\/de\/lage\/insel-elba\/#primaryimage\",\"url\":\"https:\/\/www.hotelthomas.it\/wp-content\/uploads\/cropped-hotel_thomas_q.png\",\"contentUrl\":\"https:\/\/www.hotelthomas.it\/wp-content\/uploads\/cropped-hotel_thomas_q.png\",\"width\":512,\"height\":512},{\"@type\":\"BreadcrumbList\",\"@id\":\"https:\/\/www.hotelthomas.it\/de\/lage\/insel-elba\/#breadcrumb\",\"itemListElement\":[{\"@type\":\"ListItem\",\"position\":1,\"name\":\"Home\",\"item\":\"https:\/\/www.hotelthomas.it\/de\/\"},{\"@type\":\"ListItem\",\"position\":2,\"name\":\"Lage\",\"item\":\"https:\/\/www.hotelthomas.it\/de\/lage\/\"},{\"@type\":\"ListItem\",\"position\":3,\"name\":\"Insel Elba\"}]},{\"@type\":\"WebSite\",\"@id\":\"https:\/\/www.hotelthomas.it\/de\/#website\",\"url\":\"https:\/\/www.hotelthomas.it\/de\/\",\"name\":\"hotelthomas.it\",\"description\":\"Marina di Campo, Insel Elba\",\"publisher\":{\"@id\":\"https:\/\/www.hotelthomas.it\/de\/#organization\"},\"potentialAction\":[{\"@type\":\"SearchAction\",\"target\":{\"@type\":\"EntryPoint\",\"urlTemplate\":\"https:\/\/www.hotelthomas.it\/de\/?s={search_term_string}\"},\"query-input\":{\"@type\":\"PropertyValueSpecification\",\"valueRequired\":true,\"valueName\":\"search_term_string\"}}],\"inLanguage\":\"de\"},{\"@type\":\"Organization\",\"@id\":\"https:\/\/www.hotelthomas.it\/de\/#organization\",\"name\":\"Hotel Thomas\",\"url\":\"https:\/\/www.hotelthomas.it\/de\/\",\"logo\":{\"@type\":\"ImageObject\",\"inLanguage\":\"de\",\"@id\":\"https:\/\/www.hotelthomas.it\/de\/#\/schema\/logo\/image\/\",\"url\":\"https:\/\/www.hotelthomas.it\/wp-content\/uploads\/hotel_thomas_remake_vertical.png\",\"contentUrl\":\"https:\/\/www.hotelthomas.it\/wp-content\/uploads\/hotel_thomas_remake_vertical.png\",\"width\":640,\"height\":562,\"caption\":\"Hotel Thomas\"},\"image\":{\"@id\":\"https:\/\/www.hotelthomas.it\/de\/#\/schema\/logo\/image\/\"}}]}<\/script>\n<!-- \/ Yoast SEO plugin. -->","yoast_head_json":{"title":"Insel Elba - Hotel Thomas - Marina di Campo, Insel Elba","description":"Diese faszinierende Insel ist ein wahres Paradies f\u00fcr Naturliebhaber mit atemberaubenden Landschaften, unber\u00fchrten Str\u00e4nden und einer reichen Geschichte.","robots":{"index":"index","follow":"follow","max-snippet":"max-snippet:-1","max-image-preview":"max-image-preview:large","max-video-preview":"max-video-preview:-1"},"canonical":"https:\/\/www.hotelthomas.it\/de\/lage\/insel-elba\/","og_locale":"de_DE","og_type":"article","og_title":"Insel Elba - Hotel Thomas - Marina di Campo, Insel Elba","og_description":"Diese faszinierende Insel ist ein wahres Paradies f\u00fcr Naturliebhaber mit atemberaubenden Landschaften, unber\u00fchrten Str\u00e4nden und einer reichen Geschichte.","og_url":"https:\/\/www.hotelthomas.it\/de\/lage\/insel-elba\/","og_site_name":"Hotel Thomas","article_modified_time":"2023-09-06T10:48:05+00:00","og_image":[{"width":512,"height":512,"url":"https:\/\/www.hotelthomas.it\/wp-content\/uploads\/cropped-hotel_thomas_q.png","type":"image\/png"}],"twitter_card":"summary_large_image","twitter_misc":{"Gesch\u00e4tzte Lesezeit":"9\u00a0Minuten"},"schema":{"@context":"https:\/\/schema.org","@graph":[{"@type":"WebPage","@id":"https:\/\/www.hotelthomas.it\/de\/lage\/insel-elba\/","url":"https:\/\/www.hotelthomas.it\/de\/lage\/insel-elba\/","name":"Insel Elba - Hotel Thomas - Marina di Campo, Insel Elba","isPartOf":{"@id":"https:\/\/www.hotelthomas.it\/de\/#website"},"primaryImageOfPage":{"@id":"https:\/\/www.hotelthomas.it\/de\/lage\/insel-elba\/#primaryimage"},"image":{"@id":"https:\/\/www.hotelthomas.it\/de\/lage\/insel-elba\/#primaryimage"},"thumbnailUrl":"https:\/\/www.hotelthomas.it\/wp-content\/uploads\/cropped-hotel_thomas_q.png","datePublished":"2023-07-17T13:55:12+00:00","dateModified":"2023-09-06T10:48:05+00:00","description":"Diese faszinierende Insel ist ein wahres Paradies f\u00fcr Naturliebhaber mit atemberaubenden Landschaften, unber\u00fchrten Str\u00e4nden und einer reichen Geschichte.","breadcrumb":{"@id":"https:\/\/www.hotelthomas.it\/de\/lage\/insel-elba\/#breadcrumb"},"inLanguage":"de","potentialAction":[{"@type":"ReadAction","target":["https:\/\/www.hotelthomas.it\/de\/lage\/insel-elba\/"]}]},{"@type":"ImageObject","inLanguage":"de","@id":"https:\/\/www.hotelthomas.it\/de\/lage\/insel-elba\/#primaryimage","url":"https:\/\/www.hotelthomas.it\/wp-content\/uploads\/cropped-hotel_thomas_q.png","contentUrl":"https:\/\/www.hotelthomas.it\/wp-content\/uploads\/cropped-hotel_thomas_q.png","width":512,"height":512},{"@type":"BreadcrumbList","@id":"https:\/\/www.hotelthomas.it\/de\/lage\/insel-elba\/#breadcrumb","itemListElement":[{"@type":"ListItem","position":1,"name":"Home","item":"https:\/\/www.hotelthomas.it\/de\/"},{"@type":"ListItem","position":2,"name":"Lage","item":"https:\/\/www.hotelthomas.it\/de\/lage\/"},{"@type":"ListItem","position":3,"name":"Insel Elba"}]},{"@type":"WebSite","@id":"https:\/\/www.hotelthomas.it\/de\/#website","url":"https:\/\/www.hotelthomas.it\/de\/","name":"hotelthomas.it","description":"Marina di Campo, Insel Elba","publisher":{"@id":"https:\/\/www.hotelthomas.it\/de\/#organization"},"potentialAction":[{"@type":"SearchAction","target":{"@type":"EntryPoint","urlTemplate":"https:\/\/www.hotelthomas.it\/de\/?s={search_term_string}"},"query-input":{"@type":"PropertyValueSpecification","valueRequired":true,"valueName":"search_term_string"}}],"inLanguage":"de"},{"@type":"Organization","@id":"https:\/\/www.hotelthomas.it\/de\/#organization","name":"Hotel Thomas","url":"https:\/\/www.hotelthomas.it\/de\/","logo":{"@type":"ImageObject","inLanguage":"de","@id":"https:\/\/www.hotelthomas.it\/de\/#\/schema\/logo\/image\/","url":"https:\/\/www.hotelthomas.it\/wp-content\/uploads\/hotel_thomas_remake_vertical.png","contentUrl":"https:\/\/www.hotelthomas.it\/wp-content\/uploads\/hotel_thomas_remake_vertical.png","width":640,"height":562,"caption":"Hotel Thomas"},"image":{"@id":"https:\/\/www.hotelthomas.it\/de\/#\/schema\/logo\/image\/"}}]}},"_links":{"self":[{"href":"https:\/\/www.hotelthomas.it\/de\/wp-json\/wp\/v2\/pages\/7517","targetHints":{"allow":["GET"]}}],"collection":[{"href":"https:\/\/www.hotelthomas.it\/de\/wp-json\/wp\/v2\/pages"}],"about":[{"href":"https:\/\/www.hotelthomas.it\/de\/wp-json\/wp\/v2\/types\/page"}],"author":[{"embeddable":true,"href":"https:\/\/www.hotelthomas.it\/de\/wp-json\/wp\/v2\/users\/1"}],"replies":[{"embeddable":true,"href":"https:\/\/www.hotelthomas.it\/de\/wp-json\/wp\/v2\/comments?post=7517"}],"version-history":[{"count":7,"href":"https:\/\/www.hotelthomas.it\/de\/wp-json\/wp\/v2\/pages\/7517\/revisions"}],"predecessor-version":[{"id":7524,"href":"https:\/\/www.hotelthomas.it\/de\/wp-json\/wp\/v2\/pages\/7517\/revisions\/7524"}],"up":[{"embeddable":true,"href":"https:\/\/www.hotelthomas.it\/de\/wp-json\/wp\/v2\/pages\/7483"}],"wp:featuredmedia":[{"embeddable":true,"href":"https:\/\/www.hotelthomas.it\/de\/wp-json\/wp\/v2\/media\/7071"}],"wp:attachment":[{"href":"https:\/\/www.hotelthomas.it\/de\/wp-json\/wp\/v2\/media?parent=7517"}],"curies":[{"name":"wp","href":"https:\/\/api.w.org\/{rel}","templated":true}]}}