{"id":7498,"date":"2023-07-17T15:52:31","date_gmt":"2023-07-17T13:52:31","guid":{"rendered":"https:\/\/www.hotelthomas.it\/lage\/marina-di-campo\/"},"modified":"2023-09-06T12:34:51","modified_gmt":"2023-09-06T10:34:51","slug":"marina-di-campo","status":"publish","type":"page","link":"https:\/\/www.hotelthomas.it\/de\/lage\/marina-di-campo\/","title":{"rendered":"Marina di Campo"},"content":{"rendered":"\t\t<div data-elementor-type=\"wp-page\" data-elementor-id=\"7498\" class=\"elementor elementor-7498 elementor-6527\">\n\t\t\t\t<div class=\"elementor-element elementor-element-e9886a2 e-flex e-con-boxed e-con e-parent\" data-id=\"e9886a2\" data-element_type=\"container\" data-settings=\"{&quot;background_background&quot;:&quot;classic&quot;,&quot;shape_divider_bottom&quot;:&quot;opacity-fan&quot;}\">\n\t\t\t\t\t<div class=\"e-con-inner\">\n\t\t\t\t<div class=\"elementor-shape elementor-shape-bottom\" aria-hidden=\"true\" data-negative=\"false\">\n\t\t\t<svg xmlns=\"http:\/\/www.w3.org\/2000\/svg\" viewBox=\"0 0 283.5 19.6\" preserveAspectRatio=\"none\">\n\t<path class=\"elementor-shape-fill\" style=\"opacity:0.33\" d=\"M0 0L0 18.8 141.8 4.1 283.5 18.8 283.5 0z\"\/>\n\t<path class=\"elementor-shape-fill\" style=\"opacity:0.33\" d=\"M0 0L0 12.6 141.8 4 283.5 12.6 283.5 0z\"\/>\n\t<path class=\"elementor-shape-fill\" style=\"opacity:0.33\" d=\"M0 0L0 6.4 141.8 4 283.5 6.4 283.5 0z\"\/>\n\t<path class=\"elementor-shape-fill\" d=\"M0 0L0 1.2 141.8 4 283.5 1.2 283.5 0z\"\/>\n<\/svg>\t\t<\/div>\n\t\t\t\t<div class=\"elementor-element elementor-element-d496be7 elementor-widget elementor-widget-spacer\" data-id=\"d496be7\" data-element_type=\"widget\" data-widget_type=\"spacer.default\">\n\t\t\t\t<div class=\"elementor-widget-container\">\n\t\t\t\t\t\t\t<div class=\"elementor-spacer\">\n\t\t\t<div class=\"elementor-spacer-inner\"><\/div>\n\t\t<\/div>\n\t\t\t\t\t\t<\/div>\n\t\t\t\t<\/div>\n\t\t\t\t\t<\/div>\n\t\t\t\t<\/div>\n\t\t<div class=\"elementor-element elementor-element-2def48b e-flex e-con-boxed e-con e-parent\" data-id=\"2def48b\" data-element_type=\"container\">\n\t\t\t\t\t<div class=\"e-con-inner\">\n\t\t<div class=\"elementor-element elementor-element-cd742b3 e-con-full e-flex e-con e-parent\" data-id=\"cd742b3\" data-element_type=\"container\">\n\t\t\t\t<div class=\"elementor-element elementor-element-ce64bc5 elementor-widget elementor-widget-heading\" data-id=\"ce64bc5\" data-element_type=\"widget\" data-widget_type=\"heading.default\">\n\t\t\t\t<div class=\"elementor-widget-container\">\n\t\t\t\t\t<h3 class=\"elementor-heading-title elementor-size-default\">Marina di Campo<\/h3>\t\t\t\t<\/div>\n\t\t\t\t<\/div>\n\t\t\t\t<div class=\"elementor-element elementor-element-2598264 elementor-widget elementor-widget-text-editor\" data-id=\"2598264\" data-element_type=\"widget\" data-widget_type=\"text-editor.default\">\n\t\t\t\t<div class=\"elementor-widget-container\">\n\t\t\t\t\t\t\t\t\t<p>F\u00fcr einen Urlaub nur einen Steinwurf vom Meer entfernt.<\/p>\t\t\t\t\t\t\t\t<\/div>\n\t\t\t\t<\/div>\n\t\t\t\t<div class=\"elementor-element elementor-element-189a8de elementor-widget elementor-widget-text-editor\" data-id=\"189a8de\" data-element_type=\"widget\" data-widget_type=\"text-editor.default\">\n\t\t\t\t<div class=\"elementor-widget-container\">\n\t\t\t\t\t\t\t\t\t<p>Das Bed &amp; Breakfast Hotel Thomas befindet sich in einer strategisch g\u00fcnstigen Lage im Zentrum des Golfs von Marina di Campo, in der Via degli Etruschi. Durchqueren Sie den sch\u00f6nen und schattigen Pinienwald, der mit Spielpl\u00e4tzen und Spielger\u00e4ten f\u00fcr Kinder ausgestattet ist, und Sie gelangen in k\u00fcrzester Zeit zu dem wundersch\u00f6nen Sandstrand von Marina di Campo.<\/p><p>Das Dorfzentrum von Marina di Campo ist in f\u00fcnf Minuten zu Fu\u00df oder mit dem Fahrrad, entlang des romantischen und panoramischen Strandboulevards \u00fcber den Fahrradweg, erreichbar.<\/p><p>Das Dorf Marina di Campo erstreckt sich um den kleinen Hafen herum und entlang der Hauptstra\u00dfen Via Marconi und Via Roma, wo sich zahlreiche Gesch\u00e4fte, Eisdielen, Konditoreien, Bars, typische Restaurants und Pizzerien befinden. In Marina di Campo gibt es auch die Post, Banken, eine Polizeistation, eine Notaufnahme, die Krankenwagenstation, eine Pfarrkirche und das Rathaus der Gemeinde Campo nell&#8217;Elba.<\/p><p>Am Abend beleben sich die Stra\u00dfen des Dorfes mit Touristen, St\u00e4nde mit lokalem Handwerk tauchen auf und die Lokale begleiten die Besucher mit Live-Musik von der Aperitifzeit bis nach dem Abendessen und sorgen f\u00fcr lebendige Abende in der mond\u00e4nen Atmosph\u00e4re von Campo.<\/p><p>Der sch\u00f6ne Strand von Marina di Campo, der l\u00e4ngste auf der Insel Elba mit einer L\u00e4nge von \u00fcber anderthalb Kilometern, ist bei Touristen sehr beliebt. Der sch\u00f6ne Strand mit klarem Sand von granitischer Herkunft ist mit Strandb\u00e4dern, Sonnenschirm- und Bootsverleihstellen ausgestattet und teilweise frei zug\u00e4nglich. An der Strandpromenade und in der N\u00e4he des Strandes befinden sich auch viele renommierte Restaurants, die abends ein romantisches und anspruchsvolles Ambiente mit einer ausgezeichneten gastronomischen Auswahl bieten.<\/p>\t\t\t\t\t\t\t\t<\/div>\n\t\t\t\t<\/div>\n\t\t\t\t<\/div>\n\t\t\t\t\t<\/div>\n\t\t\t\t<\/div>\n\t\t<div class=\"elementor-element elementor-element-aa6fea4 e-flex e-con-boxed e-con e-parent\" data-id=\"aa6fea4\" data-element_type=\"container\" data-settings=\"{&quot;background_background&quot;:&quot;classic&quot;}\">\n\t\t\t\t\t<div class=\"e-con-inner\">\n\t\t<div class=\"elementor-element elementor-element-50a55e2 e-con-full e-flex e-con e-parent\" data-id=\"50a55e2\" data-element_type=\"container\">\n\t\t\t\t<div class=\"elementor-element elementor-element-b7457c5 elementor-arrows-position-inside elementor-widget elementor-widget-image-carousel\" data-id=\"b7457c5\" data-element_type=\"widget\" data-settings=\"{&quot;navigation&quot;:&quot;arrows&quot;,&quot;image_spacing_custom&quot;:{&quot;unit&quot;:&quot;px&quot;,&quot;size&quot;:15,&quot;sizes&quot;:[]},&quot;autoplay&quot;:&quot;yes&quot;,&quot;pause_on_hover&quot;:&quot;yes&quot;,&quot;pause_on_interaction&quot;:&quot;yes&quot;,&quot;autoplay_speed&quot;:5000,&quot;infinite&quot;:&quot;yes&quot;,&quot;speed&quot;:500,&quot;image_spacing_custom_laptop&quot;:{&quot;unit&quot;:&quot;px&quot;,&quot;size&quot;:&quot;&quot;,&quot;sizes&quot;:[]},&quot;image_spacing_custom_tablet_extra&quot;:{&quot;unit&quot;:&quot;px&quot;,&quot;size&quot;:&quot;&quot;,&quot;sizes&quot;:[]},&quot;image_spacing_custom_tablet&quot;:{&quot;unit&quot;:&quot;px&quot;,&quot;size&quot;:&quot;&quot;,&quot;sizes&quot;:[]},&quot;image_spacing_custom_mobile_extra&quot;:{&quot;unit&quot;:&quot;px&quot;,&quot;size&quot;:&quot;&quot;,&quot;sizes&quot;:[]},&quot;image_spacing_custom_mobile&quot;:{&quot;unit&quot;:&quot;px&quot;,&quot;size&quot;:&quot;&quot;,&quot;sizes&quot;:[]}}\" data-widget_type=\"image-carousel.default\">\n\t\t\t\t<div class=\"elementor-widget-container\">\n\t\t\t\t\t\t\t<div class=\"elementor-image-carousel-wrapper swiper\" role=\"region\" aria-roledescription=\"carousel\" aria-label=\"Bild Karussell\" dir=\"ltr\">\n\t\t\t<div class=\"elementor-image-carousel swiper-wrapper\" aria-live=\"off\">\n\t\t\t\t\t\t\t\t<div class=\"swiper-slide\" role=\"group\" aria-roledescription=\"slide\" aria-label=\"1 von 8\"><a data-elementor-open-lightbox=\"yes\" data-elementor-lightbox-slideshow=\"b7457c5\" data-elementor-lightbox-title=\"Marina di Campo\" data-e-action-hash=\"#elementor-action%3Aaction%3Dlightbox%26settings%3DeyJpZCI6NzE1NywidXJsIjoiaHR0cHM6XC9cL3d3dy5ob3RlbHRob21hcy5pdFwvd3AtY29udGVudFwvdXBsb2Fkc1wvbWFyaW5hX2RpX2NhbXBvXzAxLmpwZyIsInNsaWRlc2hvdyI6ImI3NDU3YzUifQ%3D%3D\" href=\"https:\/\/www.hotelthomas.it\/wp-content\/uploads\/marina_di_campo_01.jpg\"><figure class=\"swiper-slide-inner\"><img decoding=\"async\" class=\"swiper-slide-image\" src=\"https:\/\/www.hotelthomas.it\/wp-content\/uploads\/marina_di_campo_01-768x576.jpg\" alt=\"Marina di Campo\" \/><\/figure><\/a><\/div><div class=\"swiper-slide\" role=\"group\" aria-roledescription=\"slide\" aria-label=\"2 von 8\"><a data-elementor-open-lightbox=\"yes\" data-elementor-lightbox-slideshow=\"b7457c5\" data-elementor-lightbox-title=\"Torre di San Giovanni\" data-e-action-hash=\"#elementor-action%3Aaction%3Dlightbox%26settings%3DeyJpZCI6NzE1OSwidXJsIjoiaHR0cHM6XC9cL3d3dy5ob3RlbHRob21hcy5pdFwvd3AtY29udGVudFwvdXBsb2Fkc1wvbWFyaW5hX2RpX2NhbXBvXzAyLmpwZyIsInNsaWRlc2hvdyI6ImI3NDU3YzUifQ%3D%3D\" href=\"https:\/\/www.hotelthomas.it\/wp-content\/uploads\/marina_di_campo_02.jpg\"><figure class=\"swiper-slide-inner\"><img decoding=\"async\" class=\"swiper-slide-image\" src=\"https:\/\/www.hotelthomas.it\/wp-content\/uploads\/marina_di_campo_02-768x576.jpg\" alt=\"Torre di San Giovanni\" \/><\/figure><\/a><\/div><div class=\"swiper-slide\" role=\"group\" aria-roledescription=\"slide\" aria-label=\"3 von 8\"><a data-elementor-open-lightbox=\"yes\" data-elementor-lightbox-slideshow=\"b7457c5\" data-elementor-lightbox-title=\"Porto di Marina di Campo\" data-e-action-hash=\"#elementor-action%3Aaction%3Dlightbox%26settings%3DeyJpZCI6NzE2MSwidXJsIjoiaHR0cHM6XC9cL3d3dy5ob3RlbHRob21hcy5pdFwvd3AtY29udGVudFwvdXBsb2Fkc1wvbWFyaW5hX2RpX2NhbXBvXzAzLmpwZyIsInNsaWRlc2hvdyI6ImI3NDU3YzUifQ%3D%3D\" href=\"https:\/\/www.hotelthomas.it\/wp-content\/uploads\/marina_di_campo_03.jpg\"><figure class=\"swiper-slide-inner\"><img decoding=\"async\" class=\"swiper-slide-image\" src=\"https:\/\/www.hotelthomas.it\/wp-content\/uploads\/marina_di_campo_03-768x576.jpg\" alt=\"Porto di Marina di Campo\" \/><\/figure><\/a><\/div><div class=\"swiper-slide\" role=\"group\" aria-roledescription=\"slide\" aria-label=\"4 von 8\"><a data-elementor-open-lightbox=\"yes\" data-elementor-lightbox-slideshow=\"b7457c5\" data-elementor-lightbox-title=\"Porto di Marina di Campo\" data-e-action-hash=\"#elementor-action%3Aaction%3Dlightbox%26settings%3DeyJpZCI6NzE2MywidXJsIjoiaHR0cHM6XC9cL3d3dy5ob3RlbHRob21hcy5pdFwvd3AtY29udGVudFwvdXBsb2Fkc1wvbWFyaW5hX2RpX2NhbXBvXzA0LmpwZyIsInNsaWRlc2hvdyI6ImI3NDU3YzUifQ%3D%3D\" href=\"https:\/\/www.hotelthomas.it\/wp-content\/uploads\/marina_di_campo_04.jpg\"><figure class=\"swiper-slide-inner\"><img decoding=\"async\" class=\"swiper-slide-image\" src=\"https:\/\/www.hotelthomas.it\/wp-content\/uploads\/marina_di_campo_04-768x576.jpg\" alt=\"Porto di Marina di Campo\" \/><\/figure><\/a><\/div><div class=\"swiper-slide\" role=\"group\" aria-roledescription=\"slide\" aria-label=\"5 von 8\"><a data-elementor-open-lightbox=\"yes\" data-elementor-lightbox-slideshow=\"b7457c5\" data-elementor-lightbox-title=\"Spiaggia di Marina di Campo\" data-e-action-hash=\"#elementor-action%3Aaction%3Dlightbox%26settings%3DeyJpZCI6NzE2NSwidXJsIjoiaHR0cHM6XC9cL3d3dy5ob3RlbHRob21hcy5pdFwvd3AtY29udGVudFwvdXBsb2Fkc1wvbWFyaW5hX2RpX2NhbXBvXzA1LmpwZyIsInNsaWRlc2hvdyI6ImI3NDU3YzUifQ%3D%3D\" href=\"https:\/\/www.hotelthomas.it\/wp-content\/uploads\/marina_di_campo_05.jpg\"><figure class=\"swiper-slide-inner\"><img decoding=\"async\" class=\"swiper-slide-image\" src=\"https:\/\/www.hotelthomas.it\/wp-content\/uploads\/marina_di_campo_05-768x576.jpg\" alt=\"Spiaggia di Marina di Campo\" \/><\/figure><\/a><\/div><div class=\"swiper-slide\" role=\"group\" aria-roledescription=\"slide\" aria-label=\"6 von 8\"><a data-elementor-open-lightbox=\"yes\" data-elementor-lightbox-slideshow=\"b7457c5\" data-elementor-lightbox-title=\"Sant&#039;Ilario\" data-e-action-hash=\"#elementor-action%3Aaction%3Dlightbox%26settings%3DeyJpZCI6NzE2NywidXJsIjoiaHR0cHM6XC9cL3d3dy5ob3RlbHRob21hcy5pdFwvd3AtY29udGVudFwvdXBsb2Fkc1wvbWFyaW5hX2RpX2NhbXBvXzA2LmpwZyIsInNsaWRlc2hvdyI6ImI3NDU3YzUifQ%3D%3D\" href=\"https:\/\/www.hotelthomas.it\/wp-content\/uploads\/marina_di_campo_06.jpg\"><figure class=\"swiper-slide-inner\"><img decoding=\"async\" class=\"swiper-slide-image\" src=\"https:\/\/www.hotelthomas.it\/wp-content\/uploads\/marina_di_campo_06-768x576.jpg\" alt=\"Sant&#039;Ilario\" \/><\/figure><\/a><\/div><div class=\"swiper-slide\" role=\"group\" aria-roledescription=\"slide\" aria-label=\"7 von 8\"><a data-elementor-open-lightbox=\"yes\" data-elementor-lightbox-slideshow=\"b7457c5\" data-elementor-lightbox-title=\"Marina di Campo\" data-e-action-hash=\"#elementor-action%3Aaction%3Dlightbox%26settings%3DeyJpZCI6NzE2OSwidXJsIjoiaHR0cHM6XC9cL3d3dy5ob3RlbHRob21hcy5pdFwvd3AtY29udGVudFwvdXBsb2Fkc1wvbWFyaW5hX2RpX2NhbXBvXzA3LmpwZyIsInNsaWRlc2hvdyI6ImI3NDU3YzUifQ%3D%3D\" href=\"https:\/\/www.hotelthomas.it\/wp-content\/uploads\/marina_di_campo_07.jpg\"><figure class=\"swiper-slide-inner\"><img decoding=\"async\" class=\"swiper-slide-image\" src=\"https:\/\/www.hotelthomas.it\/wp-content\/uploads\/marina_di_campo_07-768x576.jpg\" alt=\"Marina di Campo\" \/><\/figure><\/a><\/div><div class=\"swiper-slide\" role=\"group\" aria-roledescription=\"slide\" aria-label=\"8 von 8\"><a data-elementor-open-lightbox=\"yes\" data-elementor-lightbox-slideshow=\"b7457c5\" data-elementor-lightbox-title=\"Piazzale Belvedere San Piero\" data-e-action-hash=\"#elementor-action%3Aaction%3Dlightbox%26settings%3DeyJpZCI6NzE3MSwidXJsIjoiaHR0cHM6XC9cL3d3dy5ob3RlbHRob21hcy5pdFwvd3AtY29udGVudFwvdXBsb2Fkc1wvbWFyaW5hX2RpX2NhbXBvXzA4LmpwZyIsInNsaWRlc2hvdyI6ImI3NDU3YzUifQ%3D%3D\" href=\"https:\/\/www.hotelthomas.it\/wp-content\/uploads\/marina_di_campo_08.jpg\"><figure class=\"swiper-slide-inner\"><img decoding=\"async\" class=\"swiper-slide-image\" src=\"https:\/\/www.hotelthomas.it\/wp-content\/uploads\/marina_di_campo_08-768x576.jpg\" alt=\"Piazzale Belvedere San Piero\" \/><\/figure><\/a><\/div>\t\t\t<\/div>\n\t\t\t\t\t\t\t\t\t\t\t\t<div class=\"elementor-swiper-button elementor-swiper-button-prev\" role=\"button\" tabindex=\"0\">\n\t\t\t\t\t\t<i aria-hidden=\"true\" class=\"eicon-chevron-left\"><\/i>\t\t\t\t\t<\/div>\n\t\t\t\t\t<div class=\"elementor-swiper-button elementor-swiper-button-next\" role=\"button\" tabindex=\"0\">\n\t\t\t\t\t\t<i aria-hidden=\"true\" class=\"eicon-chevron-right\"><\/i>\t\t\t\t\t<\/div>\n\t\t\t\t\n\t\t\t\t\t\t\t\t\t<\/div>\n\t\t\t\t\t\t<\/div>\n\t\t\t\t<\/div>\n\t\t\t\t<\/div>\n\t\t\t\t\t<\/div>\n\t\t\t\t<\/div>\n\t\t\t\t<\/div>\n\t\t","protected":false},"excerpt":{"rendered":"<p>Marina di Campo F\u00fcr einen Urlaub nur einen Steinwurf vom Meer entfernt. Das Bed &amp; Breakfast Hotel Thomas befindet sich in einer strategisch g\u00fcnstigen Lage im Zentrum des Golfs von Marina di Campo, in der Via degli Etruschi. Durchqueren Sie den sch\u00f6nen und schattigen Pinienwald, der mit Spielpl\u00e4tzen und Spielger\u00e4ten f\u00fcr Kinder ausgestattet ist, und [&hellip;]<\/p>\n","protected":false},"author":1,"featured_media":7071,"parent":7483,"menu_order":1,"comment_status":"closed","ping_status":"closed","template":"template-homepage.php","meta":{"_joinchat":[],"footnotes":""},"class_list":["post-7498","page","type-page","status-publish","has-post-thumbnail","hentry"],"yoast_head":"<!-- This site is optimized with the Yoast SEO plugin v26.1.1 - https:\/\/yoast.com\/wordpress\/plugins\/seo\/ -->\n<title>Marina di Campo - Hotel Thomas - Marina di Campo, Insel Elba<\/title>\n<meta name=\"description\" content=\"Das Bed &amp; Breakfast Hotel Thomas befindet sich in einer strategisch g\u00fcnstigen Lage im Zentrum des Golfs von Marina di Campo, in der Via degli Etruschi.\" \/>\n<meta name=\"robots\" content=\"index, follow, max-snippet:-1, max-image-preview:large, max-video-preview:-1\" \/>\n<link rel=\"canonical\" href=\"https:\/\/www.hotelthomas.it\/de\/lage\/marina-di-campo\/\" \/>\n<meta property=\"og:locale\" content=\"de_DE\" \/>\n<meta property=\"og:type\" content=\"article\" \/>\n<meta property=\"og:title\" content=\"Marina di Campo - Hotel Thomas - Marina di Campo, Insel Elba\" \/>\n<meta property=\"og:description\" content=\"Das Bed &amp; Breakfast Hotel Thomas befindet sich in einer strategisch g\u00fcnstigen Lage im Zentrum des Golfs von Marina di Campo, in der Via degli Etruschi.\" \/>\n<meta property=\"og:url\" content=\"https:\/\/www.hotelthomas.it\/de\/lage\/marina-di-campo\/\" \/>\n<meta property=\"og:site_name\" content=\"Hotel Thomas\" \/>\n<meta property=\"article:modified_time\" content=\"2023-09-06T10:34:51+00:00\" \/>\n<meta property=\"og:image\" content=\"https:\/\/www.hotelthomas.it\/wp-content\/uploads\/cropped-hotel_thomas_q.png\" \/>\n\t<meta property=\"og:image:width\" content=\"512\" \/>\n\t<meta property=\"og:image:height\" content=\"512\" \/>\n\t<meta property=\"og:image:type\" content=\"image\/png\" \/>\n<meta name=\"twitter:card\" content=\"summary_large_image\" \/>\n<meta name=\"twitter:label1\" content=\"Gesch\u00e4tzte Lesezeit\" \/>\n\t<meta name=\"twitter:data1\" content=\"9\u00a0Minuten\" \/>\n<script type=\"application\/ld+json\" class=\"yoast-schema-graph\">{\"@context\":\"https:\/\/schema.org\",\"@graph\":[{\"@type\":\"WebPage\",\"@id\":\"https:\/\/www.hotelthomas.it\/de\/lage\/marina-di-campo\/\",\"url\":\"https:\/\/www.hotelthomas.it\/de\/lage\/marina-di-campo\/\",\"name\":\"Marina di Campo - Hotel Thomas - Marina di Campo, Insel Elba\",\"isPartOf\":{\"@id\":\"https:\/\/www.hotelthomas.it\/de\/#website\"},\"primaryImageOfPage\":{\"@id\":\"https:\/\/www.hotelthomas.it\/de\/lage\/marina-di-campo\/#primaryimage\"},\"image\":{\"@id\":\"https:\/\/www.hotelthomas.it\/de\/lage\/marina-di-campo\/#primaryimage\"},\"thumbnailUrl\":\"https:\/\/www.hotelthomas.it\/wp-content\/uploads\/cropped-hotel_thomas_q.png\",\"datePublished\":\"2023-07-17T13:52:31+00:00\",\"dateModified\":\"2023-09-06T10:34:51+00:00\",\"description\":\"Das Bed & Breakfast Hotel Thomas befindet sich in einer strategisch g\u00fcnstigen Lage im Zentrum des Golfs von Marina di Campo, in der Via degli Etruschi.\",\"breadcrumb\":{\"@id\":\"https:\/\/www.hotelthomas.it\/de\/lage\/marina-di-campo\/#breadcrumb\"},\"inLanguage\":\"de\",\"potentialAction\":[{\"@type\":\"ReadAction\",\"target\":[\"https:\/\/www.hotelthomas.it\/de\/lage\/marina-di-campo\/\"]}]},{\"@type\":\"ImageObject\",\"inLanguage\":\"de\",\"@id\":\"https:\/\/www.hotelthomas.it\/de\/lage\/marina-di-campo\/#primaryimage\",\"url\":\"https:\/\/www.hotelthomas.it\/wp-content\/uploads\/cropped-hotel_thomas_q.png\",\"contentUrl\":\"https:\/\/www.hotelthomas.it\/wp-content\/uploads\/cropped-hotel_thomas_q.png\",\"width\":512,\"height\":512},{\"@type\":\"BreadcrumbList\",\"@id\":\"https:\/\/www.hotelthomas.it\/de\/lage\/marina-di-campo\/#breadcrumb\",\"itemListElement\":[{\"@type\":\"ListItem\",\"position\":1,\"name\":\"Home\",\"item\":\"https:\/\/www.hotelthomas.it\/de\/\"},{\"@type\":\"ListItem\",\"position\":2,\"name\":\"Lage\",\"item\":\"https:\/\/www.hotelthomas.it\/de\/lage\/\"},{\"@type\":\"ListItem\",\"position\":3,\"name\":\"Marina di Campo\"}]},{\"@type\":\"WebSite\",\"@id\":\"https:\/\/www.hotelthomas.it\/de\/#website\",\"url\":\"https:\/\/www.hotelthomas.it\/de\/\",\"name\":\"hotelthomas.it\",\"description\":\"Marina di Campo, Insel Elba\",\"publisher\":{\"@id\":\"https:\/\/www.hotelthomas.it\/de\/#organization\"},\"potentialAction\":[{\"@type\":\"SearchAction\",\"target\":{\"@type\":\"EntryPoint\",\"urlTemplate\":\"https:\/\/www.hotelthomas.it\/de\/?s={search_term_string}\"},\"query-input\":{\"@type\":\"PropertyValueSpecification\",\"valueRequired\":true,\"valueName\":\"search_term_string\"}}],\"inLanguage\":\"de\"},{\"@type\":\"Organization\",\"@id\":\"https:\/\/www.hotelthomas.it\/de\/#organization\",\"name\":\"Hotel Thomas\",\"url\":\"https:\/\/www.hotelthomas.it\/de\/\",\"logo\":{\"@type\":\"ImageObject\",\"inLanguage\":\"de\",\"@id\":\"https:\/\/www.hotelthomas.it\/de\/#\/schema\/logo\/image\/\",\"url\":\"https:\/\/www.hotelthomas.it\/wp-content\/uploads\/hotel_thomas_remake_vertical.png\",\"contentUrl\":\"https:\/\/www.hotelthomas.it\/wp-content\/uploads\/hotel_thomas_remake_vertical.png\",\"width\":640,\"height\":562,\"caption\":\"Hotel Thomas\"},\"image\":{\"@id\":\"https:\/\/www.hotelthomas.it\/de\/#\/schema\/logo\/image\/\"}}]}<\/script>\n<!-- \/ Yoast SEO plugin. -->","yoast_head_json":{"title":"Marina di Campo - Hotel Thomas - Marina di Campo, Insel Elba","description":"Das Bed & Breakfast Hotel Thomas befindet sich in einer strategisch g\u00fcnstigen Lage im Zentrum des Golfs von Marina di Campo, in der Via degli Etruschi.","robots":{"index":"index","follow":"follow","max-snippet":"max-snippet:-1","max-image-preview":"max-image-preview:large","max-video-preview":"max-video-preview:-1"},"canonical":"https:\/\/www.hotelthomas.it\/de\/lage\/marina-di-campo\/","og_locale":"de_DE","og_type":"article","og_title":"Marina di Campo - Hotel Thomas - Marina di Campo, Insel Elba","og_description":"Das Bed & Breakfast Hotel Thomas befindet sich in einer strategisch g\u00fcnstigen Lage im Zentrum des Golfs von Marina di Campo, in der Via degli Etruschi.","og_url":"https:\/\/www.hotelthomas.it\/de\/lage\/marina-di-campo\/","og_site_name":"Hotel Thomas","article_modified_time":"2023-09-06T10:34:51+00:00","og_image":[{"width":512,"height":512,"url":"https:\/\/www.hotelthomas.it\/wp-content\/uploads\/cropped-hotel_thomas_q.png","type":"image\/png"}],"twitter_card":"summary_large_image","twitter_misc":{"Gesch\u00e4tzte Lesezeit":"9\u00a0Minuten"},"schema":{"@context":"https:\/\/schema.org","@graph":[{"@type":"WebPage","@id":"https:\/\/www.hotelthomas.it\/de\/lage\/marina-di-campo\/","url":"https:\/\/www.hotelthomas.it\/de\/lage\/marina-di-campo\/","name":"Marina di Campo - Hotel Thomas - Marina di Campo, Insel Elba","isPartOf":{"@id":"https:\/\/www.hotelthomas.it\/de\/#website"},"primaryImageOfPage":{"@id":"https:\/\/www.hotelthomas.it\/de\/lage\/marina-di-campo\/#primaryimage"},"image":{"@id":"https:\/\/www.hotelthomas.it\/de\/lage\/marina-di-campo\/#primaryimage"},"thumbnailUrl":"https:\/\/www.hotelthomas.it\/wp-content\/uploads\/cropped-hotel_thomas_q.png","datePublished":"2023-07-17T13:52:31+00:00","dateModified":"2023-09-06T10:34:51+00:00","description":"Das Bed & Breakfast Hotel Thomas befindet sich in einer strategisch g\u00fcnstigen Lage im Zentrum des Golfs von Marina di Campo, in der Via degli Etruschi.","breadcrumb":{"@id":"https:\/\/www.hotelthomas.it\/de\/lage\/marina-di-campo\/#breadcrumb"},"inLanguage":"de","potentialAction":[{"@type":"ReadAction","target":["https:\/\/www.hotelthomas.it\/de\/lage\/marina-di-campo\/"]}]},{"@type":"ImageObject","inLanguage":"de","@id":"https:\/\/www.hotelthomas.it\/de\/lage\/marina-di-campo\/#primaryimage","url":"https:\/\/www.hotelthomas.it\/wp-content\/uploads\/cropped-hotel_thomas_q.png","contentUrl":"https:\/\/www.hotelthomas.it\/wp-content\/uploads\/cropped-hotel_thomas_q.png","width":512,"height":512},{"@type":"BreadcrumbList","@id":"https:\/\/www.hotelthomas.it\/de\/lage\/marina-di-campo\/#breadcrumb","itemListElement":[{"@type":"ListItem","position":1,"name":"Home","item":"https:\/\/www.hotelthomas.it\/de\/"},{"@type":"ListItem","position":2,"name":"Lage","item":"https:\/\/www.hotelthomas.it\/de\/lage\/"},{"@type":"ListItem","position":3,"name":"Marina di Campo"}]},{"@type":"WebSite","@id":"https:\/\/www.hotelthomas.it\/de\/#website","url":"https:\/\/www.hotelthomas.it\/de\/","name":"hotelthomas.it","description":"Marina di Campo, Insel Elba","publisher":{"@id":"https:\/\/www.hotelthomas.it\/de\/#organization"},"potentialAction":[{"@type":"SearchAction","target":{"@type":"EntryPoint","urlTemplate":"https:\/\/www.hotelthomas.it\/de\/?s={search_term_string}"},"query-input":{"@type":"PropertyValueSpecification","valueRequired":true,"valueName":"search_term_string"}}],"inLanguage":"de"},{"@type":"Organization","@id":"https:\/\/www.hotelthomas.it\/de\/#organization","name":"Hotel Thomas","url":"https:\/\/www.hotelthomas.it\/de\/","logo":{"@type":"ImageObject","inLanguage":"de","@id":"https:\/\/www.hotelthomas.it\/de\/#\/schema\/logo\/image\/","url":"https:\/\/www.hotelthomas.it\/wp-content\/uploads\/hotel_thomas_remake_vertical.png","contentUrl":"https:\/\/www.hotelthomas.it\/wp-content\/uploads\/hotel_thomas_remake_vertical.png","width":640,"height":562,"caption":"Hotel Thomas"},"image":{"@id":"https:\/\/www.hotelthomas.it\/de\/#\/schema\/logo\/image\/"}}]}},"_links":{"self":[{"href":"https:\/\/www.hotelthomas.it\/de\/wp-json\/wp\/v2\/pages\/7498","targetHints":{"allow":["GET"]}}],"collection":[{"href":"https:\/\/www.hotelthomas.it\/de\/wp-json\/wp\/v2\/pages"}],"about":[{"href":"https:\/\/www.hotelthomas.it\/de\/wp-json\/wp\/v2\/types\/page"}],"author":[{"embeddable":true,"href":"https:\/\/www.hotelthomas.it\/de\/wp-json\/wp\/v2\/users\/1"}],"replies":[{"embeddable":true,"href":"https:\/\/www.hotelthomas.it\/de\/wp-json\/wp\/v2\/comments?post=7498"}],"version-history":[{"count":7,"href":"https:\/\/www.hotelthomas.it\/de\/wp-json\/wp\/v2\/pages\/7498\/revisions"}],"predecessor-version":[{"id":7505,"href":"https:\/\/www.hotelthomas.it\/de\/wp-json\/wp\/v2\/pages\/7498\/revisions\/7505"}],"up":[{"embeddable":true,"href":"https:\/\/www.hotelthomas.it\/de\/wp-json\/wp\/v2\/pages\/7483"}],"wp:featuredmedia":[{"embeddable":true,"href":"https:\/\/www.hotelthomas.it\/de\/wp-json\/wp\/v2\/media\/7071"}],"wp:attachment":[{"href":"https:\/\/www.hotelthomas.it\/de\/wp-json\/wp\/v2\/media?parent=7498"}],"curies":[{"name":"wp","href":"https:\/\/api.w.org\/{rel}","templated":true}]}}