{"id":7445,"date":"2023-07-17T15:36:30","date_gmt":"2023-07-17T13:36:30","guid":{"rendered":"https:\/\/www.hotelthomas.it\/verguenstigung\/ristorante\/"},"modified":"2025-07-03T17:13:45","modified_gmt":"2025-07-03T15:13:45","slug":"restaurant","status":"publish","type":"page","link":"https:\/\/www.hotelthomas.it\/de\/verguenstigung\/restaurant\/","title":{"rendered":"Restaurant"},"content":{"rendered":"\t\t<div data-elementor-type=\"wp-page\" data-elementor-id=\"7445\" class=\"elementor elementor-7445 elementor-6506\">\n\t\t\t\t<div class=\"elementor-element elementor-element-e9886a2 e-flex e-con-boxed e-con e-parent\" data-id=\"e9886a2\" data-element_type=\"container\" data-settings=\"{&quot;background_background&quot;:&quot;classic&quot;,&quot;shape_divider_bottom&quot;:&quot;opacity-fan&quot;}\">\n\t\t\t\t\t<div class=\"e-con-inner\">\n\t\t\t\t<div class=\"elementor-shape elementor-shape-bottom\" aria-hidden=\"true\" data-negative=\"false\">\n\t\t\t<svg xmlns=\"http:\/\/www.w3.org\/2000\/svg\" viewBox=\"0 0 283.5 19.6\" preserveAspectRatio=\"none\">\n\t<path class=\"elementor-shape-fill\" style=\"opacity:0.33\" d=\"M0 0L0 18.8 141.8 4.1 283.5 18.8 283.5 0z\"\/>\n\t<path class=\"elementor-shape-fill\" style=\"opacity:0.33\" d=\"M0 0L0 12.6 141.8 4 283.5 12.6 283.5 0z\"\/>\n\t<path class=\"elementor-shape-fill\" style=\"opacity:0.33\" d=\"M0 0L0 6.4 141.8 4 283.5 6.4 283.5 0z\"\/>\n\t<path class=\"elementor-shape-fill\" d=\"M0 0L0 1.2 141.8 4 283.5 1.2 283.5 0z\"\/>\n<\/svg>\t\t<\/div>\n\t\t\t\t<div class=\"elementor-element elementor-element-d496be7 elementor-widget elementor-widget-spacer\" data-id=\"d496be7\" data-element_type=\"widget\" data-widget_type=\"spacer.default\">\n\t\t\t\t<div class=\"elementor-widget-container\">\n\t\t\t\t\t\t\t<div class=\"elementor-spacer\">\n\t\t\t<div class=\"elementor-spacer-inner\"><\/div>\n\t\t<\/div>\n\t\t\t\t\t\t<\/div>\n\t\t\t\t<\/div>\n\t\t\t\t\t<\/div>\n\t\t\t\t<\/div>\n\t\t<div class=\"elementor-element elementor-element-2def48b e-flex e-con-boxed e-con e-parent\" data-id=\"2def48b\" data-element_type=\"container\">\n\t\t\t\t\t<div class=\"e-con-inner\">\n\t\t<div class=\"elementor-element elementor-element-cd742b3 e-con-full e-flex e-con e-child\" data-id=\"cd742b3\" data-element_type=\"container\">\n\t\t\t\t<div class=\"elementor-element elementor-element-ce64bc5 elementor-widget elementor-widget-heading\" data-id=\"ce64bc5\" data-element_type=\"widget\" data-widget_type=\"heading.default\">\n\t\t\t\t<div class=\"elementor-widget-container\">\n\t\t\t\t\t<h3 class=\"elementor-heading-title elementor-size-default\">Restaurant<\/h3>\t\t\t\t<\/div>\n\t\t\t\t<\/div>\n\t\t\t\t<div class=\"elementor-element elementor-element-2598264 elementor-widget elementor-widget-text-editor\" data-id=\"2598264\" data-element_type=\"widget\" data-widget_type=\"text-editor.default\">\n\t\t\t\t<div class=\"elementor-widget-container\">\n\t\t\t\t\t\t\t\t\t<p>Unser Verguenstigung.<\/p>\t\t\t\t\t\t\t\t<\/div>\n\t\t\t\t<\/div>\n\t\t\t\t<div class=\"elementor-element elementor-element-189a8de elementor-widget elementor-widget-text-editor\" data-id=\"189a8de\" data-element_type=\"widget\" data-widget_type=\"text-editor.default\">\n\t\t\t\t<div class=\"elementor-widget-container\">\n\t\t\t\t\t\t\t\t\t<p>Das Hotel Thomas bietet seinen G\u00e4sten die M\u00f6glichkeit, gegen Aufpreis im Hotelrestaurant zu speisen. Unser Men\u00fc umfasst stets eine Auswahl von drei ersten und drei zweiten G\u00e4ngen mit Fleisch und Fisch, ein reichhaltiges Salatbuffet und ein stets wechselndes Dessert unseres K\u00fcchenchefs.<\/p>\t\t\t\t\t\t\t\t<\/div>\n\t\t\t\t<\/div>\n\t\t\t\t<div class=\"elementor-element elementor-element-6eebb3e elementor-widget elementor-widget-text-editor\" data-id=\"6eebb3e\" data-element_type=\"widget\" data-widget_type=\"text-editor.default\">\n\t\t\t\t<div class=\"elementor-widget-container\">\n\t\t\t\t\t\t\t\t\t<p>Dar\u00fcber hinaus hat unser Hotel eine Vereinbarung f\u00fcr Mittag- und Abendessen mit dem Restaurant \u201eDa Paolo\u201c, das im wundersch\u00f6nen Pinienwald nur einen Steinwurf vom Hotel entfernt liegt, und mit dem Ristorante Bologna, das im Zentrum von Marina di Campo liegt.<\/p>\t\t\t\t\t\t\t\t<\/div>\n\t\t\t\t<\/div>\n\t\t\t\t<div class=\"elementor-element elementor-element-34b1831 elementor-widget elementor-widget-text-editor\" data-id=\"34b1831\" data-element_type=\"widget\" data-widget_type=\"text-editor.default\">\n\t\t\t\t<div class=\"elementor-widget-container\">\n\t\t\t\t\t\t\t\t\t<p>Im Restaurant Da Paolo k\u00f6nnen Sie die typische Elbanische K\u00fcche genie\u00dfen und werden von einem freundlichen und hilfsbereiten Personal begleitet. Das Restaurant ist bequem zu Fu\u00df erreichbar und ideal, um einen angenehmen Abend in absoluter Ruhe zu verbringen.<\/p>\t\t\t\t\t\t\t\t<\/div>\n\t\t\t\t<\/div>\n\t\t\t\t<\/div>\n\t\t\t\t\t<\/div>\n\t\t\t\t<\/div>\n\t\t<div class=\"elementor-element elementor-element-aa6fea4 e-flex e-con-boxed e-con e-parent\" data-id=\"aa6fea4\" data-element_type=\"container\" data-settings=\"{&quot;background_background&quot;:&quot;classic&quot;}\">\n\t\t\t\t\t<div class=\"e-con-inner\">\n\t\t<div class=\"elementor-element elementor-element-50a55e2 e-con-full e-flex e-con e-child\" data-id=\"50a55e2\" data-element_type=\"container\">\n\t\t\t\t<div class=\"elementor-element elementor-element-02eac5c elementor-widget elementor-widget-image\" data-id=\"02eac5c\" data-element_type=\"widget\" data-widget_type=\"image.default\">\n\t\t\t\t<div class=\"elementor-widget-container\">\n\t\t\t\t\t\t\t\t\t\t\t\t\t\t\t<img fetchpriority=\"high\" decoding=\"async\" width=\"500\" height=\"295\" src=\"https:\/\/www.hotelthomas.it\/wp-content\/uploads\/logo_ristorante_da_paolo.png\" class=\"attachment-medium_large size-medium_large wp-image-7147\" alt=\"\" srcset=\"https:\/\/www.hotelthomas.it\/wp-content\/uploads\/logo_ristorante_da_paolo.png 500w, https:\/\/www.hotelthomas.it\/wp-content\/uploads\/logo_ristorante_da_paolo-300x177.png 300w\" sizes=\"(max-width: 500px) 100vw, 500px\" \/>\t\t\t\t\t\t\t\t\t\t\t\t\t\t\t<\/div>\n\t\t\t\t<\/div>\n\t\t\t\t<\/div>\n\t\t<div class=\"elementor-element elementor-element-eef7351 e-con-full e-flex e-con e-child\" data-id=\"eef7351\" data-element_type=\"container\">\n\t\t\t\t<div class=\"elementor-element elementor-element-5dae1d1 elementor-widget elementor-widget-image\" data-id=\"5dae1d1\" data-element_type=\"widget\" data-widget_type=\"image.default\">\n\t\t\t\t<div class=\"elementor-widget-container\">\n\t\t\t\t\t\t\t\t\t\t\t\t\t\t\t<img decoding=\"async\" width=\"500\" height=\"512\" src=\"https:\/\/www.hotelthomas.it\/wp-content\/uploads\/logo_ristorante_bologna.png\" class=\"attachment-medium_large size-medium_large wp-image-8003\" alt=\"Ristorante Bologna\" srcset=\"https:\/\/www.hotelthomas.it\/wp-content\/uploads\/logo_ristorante_bologna.png 500w, https:\/\/www.hotelthomas.it\/wp-content\/uploads\/logo_ristorante_bologna-293x300.png 293w\" sizes=\"(max-width: 500px) 100vw, 500px\" \/>\t\t\t\t\t\t\t\t\t\t\t\t\t\t\t<\/div>\n\t\t\t\t<\/div>\n\t\t\t\t<\/div>\n\t\t\t\t\t<\/div>\n\t\t\t\t<\/div>\n\t\t\t\t<\/div>\n\t\t","protected":false},"excerpt":{"rendered":"<p>Restaurant Unser Verguenstigung. Das Hotel Thomas bietet seinen G\u00e4sten die M\u00f6glichkeit, gegen Aufpreis im Hotelrestaurant zu speisen. Unser Men\u00fc umfasst stets eine Auswahl von drei ersten und drei zweiten G\u00e4ngen mit Fleisch und Fisch, ein reichhaltiges Salatbuffet und ein stets wechselndes Dessert unseres K\u00fcchenchefs. Dar\u00fcber hinaus hat unser Hotel eine Vereinbarung f\u00fcr Mittag- und Abendessen [&hellip;]<\/p>\n","protected":false},"author":1,"featured_media":7071,"parent":7436,"menu_order":1,"comment_status":"closed","ping_status":"closed","template":"template-homepage.php","meta":{"_joinchat":[],"footnotes":""},"class_list":["post-7445","page","type-page","status-publish","has-post-thumbnail","hentry"],"yoast_head":"<!-- This site is optimized with the Yoast SEO plugin v26.1.1 - https:\/\/yoast.com\/wordpress\/plugins\/seo\/ -->\n<title>Restaurant - Hotel Thomas - Marina di Campo, Insel Elba<\/title>\n<meta name=\"description\" content=\"Unser Men\u00fc umfasst stets eine Auswahl von drei ersten und drei zweiten G\u00e4ngen mit Fleisch und Fisch, ein reichhaltiges Salatbuffet und ein stets wechselndes Dessert unseres K\u00fcchenchefs.\" \/>\n<meta name=\"robots\" content=\"index, follow, max-snippet:-1, max-image-preview:large, max-video-preview:-1\" \/>\n<link rel=\"canonical\" href=\"https:\/\/www.hotelthomas.it\/de\/verguenstigung\/restaurant\/\" \/>\n<meta property=\"og:locale\" content=\"de_DE\" \/>\n<meta property=\"og:type\" content=\"article\" \/>\n<meta property=\"og:title\" content=\"Restaurant - Hotel Thomas - Marina di Campo, Insel Elba\" \/>\n<meta property=\"og:description\" content=\"Unser Men\u00fc umfasst stets eine Auswahl von drei ersten und drei zweiten G\u00e4ngen mit Fleisch und Fisch, ein reichhaltiges Salatbuffet und ein stets wechselndes Dessert unseres K\u00fcchenchefs.\" \/>\n<meta property=\"og:url\" content=\"https:\/\/www.hotelthomas.it\/de\/verguenstigung\/restaurant\/\" \/>\n<meta property=\"og:site_name\" content=\"Hotel Thomas\" \/>\n<meta property=\"article:modified_time\" content=\"2025-07-03T15:13:45+00:00\" \/>\n<meta property=\"og:image\" content=\"https:\/\/www.hotelthomas.it\/wp-content\/uploads\/cropped-hotel_thomas_q.png\" \/>\n\t<meta property=\"og:image:width\" content=\"512\" \/>\n\t<meta property=\"og:image:height\" content=\"512\" \/>\n\t<meta property=\"og:image:type\" content=\"image\/png\" \/>\n<meta name=\"twitter:card\" content=\"summary_large_image\" \/>\n<meta name=\"twitter:label1\" content=\"Gesch\u00e4tzte Lesezeit\" \/>\n\t<meta name=\"twitter:data1\" content=\"9\u00a0Minuten\" \/>\n<script type=\"application\/ld+json\" class=\"yoast-schema-graph\">{\"@context\":\"https:\/\/schema.org\",\"@graph\":[{\"@type\":\"WebPage\",\"@id\":\"https:\/\/www.hotelthomas.it\/de\/verguenstigung\/restaurant\/\",\"url\":\"https:\/\/www.hotelthomas.it\/de\/verguenstigung\/restaurant\/\",\"name\":\"Restaurant - Hotel Thomas - Marina di Campo, Insel Elba\",\"isPartOf\":{\"@id\":\"https:\/\/www.hotelthomas.it\/de\/#website\"},\"primaryImageOfPage\":{\"@id\":\"https:\/\/www.hotelthomas.it\/de\/verguenstigung\/restaurant\/#primaryimage\"},\"image\":{\"@id\":\"https:\/\/www.hotelthomas.it\/de\/verguenstigung\/restaurant\/#primaryimage\"},\"thumbnailUrl\":\"https:\/\/www.hotelthomas.it\/wp-content\/uploads\/cropped-hotel_thomas_q.png\",\"datePublished\":\"2023-07-17T13:36:30+00:00\",\"dateModified\":\"2025-07-03T15:13:45+00:00\",\"description\":\"Unser Men\u00fc umfasst stets eine Auswahl von drei ersten und drei zweiten G\u00e4ngen mit Fleisch und Fisch, ein reichhaltiges Salatbuffet und ein stets wechselndes Dessert unseres K\u00fcchenchefs.\",\"breadcrumb\":{\"@id\":\"https:\/\/www.hotelthomas.it\/de\/verguenstigung\/restaurant\/#breadcrumb\"},\"inLanguage\":\"de\",\"potentialAction\":[{\"@type\":\"ReadAction\",\"target\":[\"https:\/\/www.hotelthomas.it\/de\/verguenstigung\/restaurant\/\"]}]},{\"@type\":\"ImageObject\",\"inLanguage\":\"de\",\"@id\":\"https:\/\/www.hotelthomas.it\/de\/verguenstigung\/restaurant\/#primaryimage\",\"url\":\"https:\/\/www.hotelthomas.it\/wp-content\/uploads\/cropped-hotel_thomas_q.png\",\"contentUrl\":\"https:\/\/www.hotelthomas.it\/wp-content\/uploads\/cropped-hotel_thomas_q.png\",\"width\":512,\"height\":512},{\"@type\":\"BreadcrumbList\",\"@id\":\"https:\/\/www.hotelthomas.it\/de\/verguenstigung\/restaurant\/#breadcrumb\",\"itemListElement\":[{\"@type\":\"ListItem\",\"position\":1,\"name\":\"Home\",\"item\":\"https:\/\/www.hotelthomas.it\/de\/\"},{\"@type\":\"ListItem\",\"position\":2,\"name\":\"Verguenstigung\",\"item\":\"https:\/\/www.hotelthomas.it\/de\/verguenstigung\/\"},{\"@type\":\"ListItem\",\"position\":3,\"name\":\"Restaurant\"}]},{\"@type\":\"WebSite\",\"@id\":\"https:\/\/www.hotelthomas.it\/de\/#website\",\"url\":\"https:\/\/www.hotelthomas.it\/de\/\",\"name\":\"hotelthomas.it\",\"description\":\"Marina di Campo, Insel Elba\",\"publisher\":{\"@id\":\"https:\/\/www.hotelthomas.it\/de\/#organization\"},\"potentialAction\":[{\"@type\":\"SearchAction\",\"target\":{\"@type\":\"EntryPoint\",\"urlTemplate\":\"https:\/\/www.hotelthomas.it\/de\/?s={search_term_string}\"},\"query-input\":{\"@type\":\"PropertyValueSpecification\",\"valueRequired\":true,\"valueName\":\"search_term_string\"}}],\"inLanguage\":\"de\"},{\"@type\":\"Organization\",\"@id\":\"https:\/\/www.hotelthomas.it\/de\/#organization\",\"name\":\"Hotel Thomas\",\"url\":\"https:\/\/www.hotelthomas.it\/de\/\",\"logo\":{\"@type\":\"ImageObject\",\"inLanguage\":\"de\",\"@id\":\"https:\/\/www.hotelthomas.it\/de\/#\/schema\/logo\/image\/\",\"url\":\"https:\/\/www.hotelthomas.it\/wp-content\/uploads\/hotel_thomas_remake_vertical.png\",\"contentUrl\":\"https:\/\/www.hotelthomas.it\/wp-content\/uploads\/hotel_thomas_remake_vertical.png\",\"width\":640,\"height\":562,\"caption\":\"Hotel Thomas\"},\"image\":{\"@id\":\"https:\/\/www.hotelthomas.it\/de\/#\/schema\/logo\/image\/\"}}]}<\/script>\n<!-- \/ Yoast SEO plugin. -->","yoast_head_json":{"title":"Restaurant - Hotel Thomas - Marina di Campo, Insel Elba","description":"Unser Men\u00fc umfasst stets eine Auswahl von drei ersten und drei zweiten G\u00e4ngen mit Fleisch und Fisch, ein reichhaltiges Salatbuffet und ein stets wechselndes Dessert unseres K\u00fcchenchefs.","robots":{"index":"index","follow":"follow","max-snippet":"max-snippet:-1","max-image-preview":"max-image-preview:large","max-video-preview":"max-video-preview:-1"},"canonical":"https:\/\/www.hotelthomas.it\/de\/verguenstigung\/restaurant\/","og_locale":"de_DE","og_type":"article","og_title":"Restaurant - Hotel Thomas - Marina di Campo, Insel Elba","og_description":"Unser Men\u00fc umfasst stets eine Auswahl von drei ersten und drei zweiten G\u00e4ngen mit Fleisch und Fisch, ein reichhaltiges Salatbuffet und ein stets wechselndes Dessert unseres K\u00fcchenchefs.","og_url":"https:\/\/www.hotelthomas.it\/de\/verguenstigung\/restaurant\/","og_site_name":"Hotel Thomas","article_modified_time":"2025-07-03T15:13:45+00:00","og_image":[{"width":512,"height":512,"url":"https:\/\/www.hotelthomas.it\/wp-content\/uploads\/cropped-hotel_thomas_q.png","type":"image\/png"}],"twitter_card":"summary_large_image","twitter_misc":{"Gesch\u00e4tzte Lesezeit":"9\u00a0Minuten"},"schema":{"@context":"https:\/\/schema.org","@graph":[{"@type":"WebPage","@id":"https:\/\/www.hotelthomas.it\/de\/verguenstigung\/restaurant\/","url":"https:\/\/www.hotelthomas.it\/de\/verguenstigung\/restaurant\/","name":"Restaurant - Hotel Thomas - Marina di Campo, Insel Elba","isPartOf":{"@id":"https:\/\/www.hotelthomas.it\/de\/#website"},"primaryImageOfPage":{"@id":"https:\/\/www.hotelthomas.it\/de\/verguenstigung\/restaurant\/#primaryimage"},"image":{"@id":"https:\/\/www.hotelthomas.it\/de\/verguenstigung\/restaurant\/#primaryimage"},"thumbnailUrl":"https:\/\/www.hotelthomas.it\/wp-content\/uploads\/cropped-hotel_thomas_q.png","datePublished":"2023-07-17T13:36:30+00:00","dateModified":"2025-07-03T15:13:45+00:00","description":"Unser Men\u00fc umfasst stets eine Auswahl von drei ersten und drei zweiten G\u00e4ngen mit Fleisch und Fisch, ein reichhaltiges Salatbuffet und ein stets wechselndes Dessert unseres K\u00fcchenchefs.","breadcrumb":{"@id":"https:\/\/www.hotelthomas.it\/de\/verguenstigung\/restaurant\/#breadcrumb"},"inLanguage":"de","potentialAction":[{"@type":"ReadAction","target":["https:\/\/www.hotelthomas.it\/de\/verguenstigung\/restaurant\/"]}]},{"@type":"ImageObject","inLanguage":"de","@id":"https:\/\/www.hotelthomas.it\/de\/verguenstigung\/restaurant\/#primaryimage","url":"https:\/\/www.hotelthomas.it\/wp-content\/uploads\/cropped-hotel_thomas_q.png","contentUrl":"https:\/\/www.hotelthomas.it\/wp-content\/uploads\/cropped-hotel_thomas_q.png","width":512,"height":512},{"@type":"BreadcrumbList","@id":"https:\/\/www.hotelthomas.it\/de\/verguenstigung\/restaurant\/#breadcrumb","itemListElement":[{"@type":"ListItem","position":1,"name":"Home","item":"https:\/\/www.hotelthomas.it\/de\/"},{"@type":"ListItem","position":2,"name":"Verguenstigung","item":"https:\/\/www.hotelthomas.it\/de\/verguenstigung\/"},{"@type":"ListItem","position":3,"name":"Restaurant"}]},{"@type":"WebSite","@id":"https:\/\/www.hotelthomas.it\/de\/#website","url":"https:\/\/www.hotelthomas.it\/de\/","name":"hotelthomas.it","description":"Marina di Campo, Insel Elba","publisher":{"@id":"https:\/\/www.hotelthomas.it\/de\/#organization"},"potentialAction":[{"@type":"SearchAction","target":{"@type":"EntryPoint","urlTemplate":"https:\/\/www.hotelthomas.it\/de\/?s={search_term_string}"},"query-input":{"@type":"PropertyValueSpecification","valueRequired":true,"valueName":"search_term_string"}}],"inLanguage":"de"},{"@type":"Organization","@id":"https:\/\/www.hotelthomas.it\/de\/#organization","name":"Hotel Thomas","url":"https:\/\/www.hotelthomas.it\/de\/","logo":{"@type":"ImageObject","inLanguage":"de","@id":"https:\/\/www.hotelthomas.it\/de\/#\/schema\/logo\/image\/","url":"https:\/\/www.hotelthomas.it\/wp-content\/uploads\/hotel_thomas_remake_vertical.png","contentUrl":"https:\/\/www.hotelthomas.it\/wp-content\/uploads\/hotel_thomas_remake_vertical.png","width":640,"height":562,"caption":"Hotel Thomas"},"image":{"@id":"https:\/\/www.hotelthomas.it\/de\/#\/schema\/logo\/image\/"}}]}},"_links":{"self":[{"href":"https:\/\/www.hotelthomas.it\/de\/wp-json\/wp\/v2\/pages\/7445","targetHints":{"allow":["GET"]}}],"collection":[{"href":"https:\/\/www.hotelthomas.it\/de\/wp-json\/wp\/v2\/pages"}],"about":[{"href":"https:\/\/www.hotelthomas.it\/de\/wp-json\/wp\/v2\/types\/page"}],"author":[{"embeddable":true,"href":"https:\/\/www.hotelthomas.it\/de\/wp-json\/wp\/v2\/users\/1"}],"replies":[{"embeddable":true,"href":"https:\/\/www.hotelthomas.it\/de\/wp-json\/wp\/v2\/comments?post=7445"}],"version-history":[{"count":12,"href":"https:\/\/www.hotelthomas.it\/de\/wp-json\/wp\/v2\/pages\/7445\/revisions"}],"predecessor-version":[{"id":8020,"href":"https:\/\/www.hotelthomas.it\/de\/wp-json\/wp\/v2\/pages\/7445\/revisions\/8020"}],"up":[{"embeddable":true,"href":"https:\/\/www.hotelthomas.it\/de\/wp-json\/wp\/v2\/pages\/7436"}],"wp:featuredmedia":[{"embeddable":true,"href":"https:\/\/www.hotelthomas.it\/de\/wp-json\/wp\/v2\/media\/7071"}],"wp:attachment":[{"href":"https:\/\/www.hotelthomas.it\/de\/wp-json\/wp\/v2\/media?parent=7445"}],"curies":[{"name":"wp","href":"https:\/\/api.w.org\/{rel}","templated":true}]}}