{"id":7424,"date":"2023-07-17T15:08:50","date_gmt":"2023-07-17T13:08:50","guid":{"rendered":"https:\/\/www.hotelthomas.it\/hotel\/colazione\/"},"modified":"2025-07-04T08:43:07","modified_gmt":"2025-07-04T06:43:07","slug":"fruehstueck","status":"publish","type":"page","link":"https:\/\/www.hotelthomas.it\/de\/hotel\/fruehstueck\/","title":{"rendered":"Fr\u00fchst\u00fcck"},"content":{"rendered":"\t\t<div data-elementor-type=\"wp-page\" data-elementor-id=\"7424\" class=\"elementor elementor-7424 elementor-6471\">\n\t\t\t\t<div class=\"elementor-element elementor-element-e9886a2 e-flex e-con-boxed e-con e-parent\" data-id=\"e9886a2\" data-element_type=\"container\" data-settings=\"{&quot;background_background&quot;:&quot;classic&quot;,&quot;shape_divider_bottom&quot;:&quot;opacity-fan&quot;}\">\n\t\t\t\t\t<div class=\"e-con-inner\">\n\t\t\t\t<div class=\"elementor-shape elementor-shape-bottom\" aria-hidden=\"true\" data-negative=\"false\">\n\t\t\t<svg xmlns=\"http:\/\/www.w3.org\/2000\/svg\" viewBox=\"0 0 283.5 19.6\" preserveAspectRatio=\"none\">\n\t<path class=\"elementor-shape-fill\" style=\"opacity:0.33\" d=\"M0 0L0 18.8 141.8 4.1 283.5 18.8 283.5 0z\"\/>\n\t<path class=\"elementor-shape-fill\" style=\"opacity:0.33\" d=\"M0 0L0 12.6 141.8 4 283.5 12.6 283.5 0z\"\/>\n\t<path class=\"elementor-shape-fill\" style=\"opacity:0.33\" d=\"M0 0L0 6.4 141.8 4 283.5 6.4 283.5 0z\"\/>\n\t<path class=\"elementor-shape-fill\" d=\"M0 0L0 1.2 141.8 4 283.5 1.2 283.5 0z\"\/>\n<\/svg>\t\t<\/div>\n\t\t\t\t<div class=\"elementor-element elementor-element-d496be7 elementor-widget elementor-widget-spacer\" data-id=\"d496be7\" data-element_type=\"widget\" data-widget_type=\"spacer.default\">\n\t\t\t\t<div class=\"elementor-widget-container\">\n\t\t\t\t\t\t\t<div class=\"elementor-spacer\">\n\t\t\t<div class=\"elementor-spacer-inner\"><\/div>\n\t\t<\/div>\n\t\t\t\t\t\t<\/div>\n\t\t\t\t<\/div>\n\t\t\t\t\t<\/div>\n\t\t\t\t<\/div>\n\t\t<div class=\"elementor-element elementor-element-2def48b e-flex e-con-boxed e-con e-parent\" data-id=\"2def48b\" data-element_type=\"container\">\n\t\t\t\t\t<div class=\"e-con-inner\">\n\t\t<div class=\"elementor-element elementor-element-cd742b3 e-con-full e-flex e-con e-child\" data-id=\"cd742b3\" data-element_type=\"container\">\n\t\t\t\t<div class=\"elementor-element elementor-element-ce64bc5 elementor-widget elementor-widget-heading\" data-id=\"ce64bc5\" data-element_type=\"widget\" data-widget_type=\"heading.default\">\n\t\t\t\t<div class=\"elementor-widget-container\">\n\t\t\t\t\t<h3 class=\"elementor-heading-title elementor-size-default\">Fr\u00fchst\u00fcck<\/h3>\t\t\t\t<\/div>\n\t\t\t\t<\/div>\n\t\t\t\t<div class=\"elementor-element elementor-element-2598264 elementor-widget elementor-widget-text-editor\" data-id=\"2598264\" data-element_type=\"widget\" data-widget_type=\"text-editor.default\">\n\t\t\t\t<div class=\"elementor-widget-container\">\n\t\t\t\t\t\t\t\t\t<p>Die richtige Ladung, um den Tag richtig zu beginnen.<\/p>\t\t\t\t\t\t\t\t<\/div>\n\t\t\t\t<\/div>\n\t\t\t\t<div class=\"elementor-element elementor-element-189a8de elementor-widget elementor-widget-text-editor\" data-id=\"189a8de\" data-element_type=\"widget\" data-widget_type=\"text-editor.default\">\n\t\t\t\t<div class=\"elementor-widget-container\">\n\t\t\t\t\t\t\t\t\tDas Fr\u00fchst\u00fcck wird in der Hotelhalle nur wenige Schritte vom Meer entfernt serviert und bietet ein reichhaltiges s\u00fc\u00dfes und herzhaftes Buffet.\t\t\t\t\t\t\t\t<\/div>\n\t\t\t\t<\/div>\n\t\t\t\t<\/div>\n\t\t\t\t\t<\/div>\n\t\t\t\t<\/div>\n\t\t<div class=\"elementor-element elementor-element-aa6fea4 e-flex e-con-boxed e-con e-parent\" data-id=\"aa6fea4\" data-element_type=\"container\" data-settings=\"{&quot;background_background&quot;:&quot;classic&quot;}\">\n\t\t\t\t\t<div class=\"e-con-inner\">\n\t\t<div class=\"elementor-element elementor-element-50a55e2 e-con-full e-flex e-con e-child\" data-id=\"50a55e2\" data-element_type=\"container\">\n\t\t\t\t<div class=\"elementor-element elementor-element-b7457c5 elementor-arrows-position-inside elementor-widget elementor-widget-image-carousel\" data-id=\"b7457c5\" data-element_type=\"widget\" data-settings=\"{&quot;navigation&quot;:&quot;arrows&quot;,&quot;image_spacing_custom&quot;:{&quot;unit&quot;:&quot;px&quot;,&quot;size&quot;:15,&quot;sizes&quot;:[]},&quot;autoplay&quot;:&quot;yes&quot;,&quot;pause_on_hover&quot;:&quot;yes&quot;,&quot;pause_on_interaction&quot;:&quot;yes&quot;,&quot;autoplay_speed&quot;:5000,&quot;infinite&quot;:&quot;yes&quot;,&quot;speed&quot;:500,&quot;image_spacing_custom_laptop&quot;:{&quot;unit&quot;:&quot;px&quot;,&quot;size&quot;:&quot;&quot;,&quot;sizes&quot;:[]},&quot;image_spacing_custom_tablet_extra&quot;:{&quot;unit&quot;:&quot;px&quot;,&quot;size&quot;:&quot;&quot;,&quot;sizes&quot;:[]},&quot;image_spacing_custom_tablet&quot;:{&quot;unit&quot;:&quot;px&quot;,&quot;size&quot;:&quot;&quot;,&quot;sizes&quot;:[]},&quot;image_spacing_custom_mobile_extra&quot;:{&quot;unit&quot;:&quot;px&quot;,&quot;size&quot;:&quot;&quot;,&quot;sizes&quot;:[]},&quot;image_spacing_custom_mobile&quot;:{&quot;unit&quot;:&quot;px&quot;,&quot;size&quot;:&quot;&quot;,&quot;sizes&quot;:[]}}\" data-widget_type=\"image-carousel.default\">\n\t\t\t\t<div class=\"elementor-widget-container\">\n\t\t\t\t\t\t\t<div class=\"elementor-image-carousel-wrapper swiper\" role=\"region\" aria-roledescription=\"carousel\" aria-label=\"Bild Karussell\" dir=\"ltr\">\n\t\t\t<div class=\"elementor-image-carousel swiper-wrapper\" aria-live=\"off\">\n\t\t\t\t\t\t\t\t<div class=\"swiper-slide\" role=\"group\" aria-roledescription=\"slide\" aria-label=\"1 von 5\"><a data-elementor-open-lightbox=\"yes\" data-elementor-lightbox-slideshow=\"b7457c5\" data-elementor-lightbox-title=\"colazione_10\" data-e-action-hash=\"#elementor-action%3Aaction%3Dlightbox%26settings%3DeyJpZCI6ODAyMywidXJsIjoiaHR0cHM6XC9cL3d3dy5ob3RlbHRob21hcy5pdFwvd3AtY29udGVudFwvdXBsb2Fkc1wvY29sYXppb25lXzEwLmpwZyIsInNsaWRlc2hvdyI6ImI3NDU3YzUifQ%3D%3D\" href=\"https:\/\/www.hotelthomas.it\/wp-content\/uploads\/colazione_10.jpg\"><figure class=\"swiper-slide-inner\"><img decoding=\"async\" class=\"swiper-slide-image\" src=\"https:\/\/www.hotelthomas.it\/wp-content\/uploads\/colazione_10-768x576.jpg\" alt=\"Colazione B&amp;B Hotel Thomas\" \/><\/figure><\/a><\/div><div class=\"swiper-slide\" role=\"group\" aria-roledescription=\"slide\" aria-label=\"2 von 5\"><a data-elementor-open-lightbox=\"yes\" data-elementor-lightbox-slideshow=\"b7457c5\" data-elementor-lightbox-title=\"colazione_11\" data-e-action-hash=\"#elementor-action%3Aaction%3Dlightbox%26settings%3DeyJpZCI6ODAyNiwidXJsIjoiaHR0cHM6XC9cL3d3dy5ob3RlbHRob21hcy5pdFwvd3AtY29udGVudFwvdXBsb2Fkc1wvY29sYXppb25lXzExLmpwZyIsInNsaWRlc2hvdyI6ImI3NDU3YzUifQ%3D%3D\" href=\"https:\/\/www.hotelthomas.it\/wp-content\/uploads\/colazione_11.jpg\"><figure class=\"swiper-slide-inner\"><img decoding=\"async\" class=\"swiper-slide-image\" src=\"https:\/\/www.hotelthomas.it\/wp-content\/uploads\/colazione_11-768x576.jpg\" alt=\"Colazione B&amp;B Hotel Thomas\" \/><\/figure><\/a><\/div><div class=\"swiper-slide\" role=\"group\" aria-roledescription=\"slide\" aria-label=\"3 von 5\"><a data-elementor-open-lightbox=\"yes\" data-elementor-lightbox-slideshow=\"b7457c5\" data-elementor-lightbox-title=\"colazione_12\" data-e-action-hash=\"#elementor-action%3Aaction%3Dlightbox%26settings%3DeyJpZCI6ODAyOSwidXJsIjoiaHR0cHM6XC9cL3d3dy5ob3RlbHRob21hcy5pdFwvd3AtY29udGVudFwvdXBsb2Fkc1wvY29sYXppb25lXzEyLmpwZyIsInNsaWRlc2hvdyI6ImI3NDU3YzUifQ%3D%3D\" href=\"https:\/\/www.hotelthomas.it\/wp-content\/uploads\/colazione_12.jpg\"><figure class=\"swiper-slide-inner\"><img decoding=\"async\" class=\"swiper-slide-image\" src=\"https:\/\/www.hotelthomas.it\/wp-content\/uploads\/colazione_12-768x576.jpg\" alt=\"Colazione B&amp;B Hotel Thomas\" \/><\/figure><\/a><\/div><div class=\"swiper-slide\" role=\"group\" aria-roledescription=\"slide\" aria-label=\"4 von 5\"><a data-elementor-open-lightbox=\"yes\" data-elementor-lightbox-slideshow=\"b7457c5\" data-elementor-lightbox-title=\"colazione_13\" data-e-action-hash=\"#elementor-action%3Aaction%3Dlightbox%26settings%3DeyJpZCI6ODAzMiwidXJsIjoiaHR0cHM6XC9cL3d3dy5ob3RlbHRob21hcy5pdFwvd3AtY29udGVudFwvdXBsb2Fkc1wvY29sYXppb25lXzEzLmpwZyIsInNsaWRlc2hvdyI6ImI3NDU3YzUifQ%3D%3D\" href=\"https:\/\/www.hotelthomas.it\/wp-content\/uploads\/colazione_13.jpg\"><figure class=\"swiper-slide-inner\"><img decoding=\"async\" class=\"swiper-slide-image\" src=\"https:\/\/www.hotelthomas.it\/wp-content\/uploads\/colazione_13-768x576.jpg\" alt=\"Colazione B&amp;B Hotel Thomas\" \/><\/figure><\/a><\/div><div class=\"swiper-slide\" role=\"group\" aria-roledescription=\"slide\" aria-label=\"5 von 5\"><a data-elementor-open-lightbox=\"yes\" data-elementor-lightbox-slideshow=\"b7457c5\" data-elementor-lightbox-title=\"colazione_14\" data-e-action-hash=\"#elementor-action%3Aaction%3Dlightbox%26settings%3DeyJpZCI6ODAzNSwidXJsIjoiaHR0cHM6XC9cL3d3dy5ob3RlbHRob21hcy5pdFwvd3AtY29udGVudFwvdXBsb2Fkc1wvY29sYXppb25lXzE0LmpwZyIsInNsaWRlc2hvdyI6ImI3NDU3YzUifQ%3D%3D\" href=\"https:\/\/www.hotelthomas.it\/wp-content\/uploads\/colazione_14.jpg\"><figure class=\"swiper-slide-inner\"><img decoding=\"async\" class=\"swiper-slide-image\" src=\"https:\/\/www.hotelthomas.it\/wp-content\/uploads\/colazione_14-768x576.jpg\" alt=\"Colazione B&amp;B Hotel Thomas\" \/><\/figure><\/a><\/div>\t\t\t<\/div>\n\t\t\t\t\t\t\t\t\t\t\t\t<div class=\"elementor-swiper-button elementor-swiper-button-prev\" role=\"button\" tabindex=\"0\">\n\t\t\t\t\t\t<i aria-hidden=\"true\" class=\"eicon-chevron-left\"><\/i>\t\t\t\t\t<\/div>\n\t\t\t\t\t<div class=\"elementor-swiper-button elementor-swiper-button-next\" role=\"button\" tabindex=\"0\">\n\t\t\t\t\t\t<i aria-hidden=\"true\" class=\"eicon-chevron-right\"><\/i>\t\t\t\t\t<\/div>\n\t\t\t\t\n\t\t\t\t\t\t\t\t\t<\/div>\n\t\t\t\t\t\t<\/div>\n\t\t\t\t<\/div>\n\t\t\t\t<\/div>\n\t\t\t\t\t<\/div>\n\t\t\t\t<\/div>\n\t\t\t\t<\/div>\n\t\t","protected":false},"excerpt":{"rendered":"<p>Fr\u00fchst\u00fcck Die richtige Ladung, um den Tag richtig zu beginnen. Das Fr\u00fchst\u00fcck wird in der Hotelhalle nur wenige Schritte vom Meer entfernt serviert und bietet ein reichhaltiges s\u00fc\u00dfes und herzhaftes Buffet.<\/p>\n","protected":false},"author":1,"featured_media":7071,"parent":7398,"menu_order":2,"comment_status":"closed","ping_status":"closed","template":"template-homepage.php","meta":{"_joinchat":[],"footnotes":""},"class_list":["post-7424","page","type-page","status-publish","has-post-thumbnail","hentry"],"yoast_head":"<!-- This site is optimized with the Yoast SEO plugin v26.1.1 - https:\/\/yoast.com\/wordpress\/plugins\/seo\/ -->\n<title>Fr\u00fchst\u00fcck - Hotel Thomas - Marina di Campo, Insel Elba<\/title>\n<meta name=\"description\" content=\"Nur wenige Schritte von der Unterkunft entfernt befindet sich das Hotel Santa Caterina, wo Sie das Fr\u00fchst\u00fcck genie\u00dfen k\u00f6nnen.\" \/>\n<meta name=\"robots\" content=\"index, follow, max-snippet:-1, max-image-preview:large, max-video-preview:-1\" \/>\n<link rel=\"canonical\" href=\"https:\/\/www.hotelthomas.it\/de\/hotel\/fruehstueck\/\" \/>\n<meta property=\"og:locale\" content=\"de_DE\" \/>\n<meta property=\"og:type\" content=\"article\" \/>\n<meta property=\"og:title\" content=\"Fr\u00fchst\u00fcck - Hotel Thomas - Marina di Campo, Insel Elba\" \/>\n<meta property=\"og:description\" content=\"Nur wenige Schritte von der Unterkunft entfernt befindet sich das Hotel Santa Caterina, wo Sie das Fr\u00fchst\u00fcck genie\u00dfen k\u00f6nnen.\" \/>\n<meta property=\"og:url\" content=\"https:\/\/www.hotelthomas.it\/de\/hotel\/fruehstueck\/\" \/>\n<meta property=\"og:site_name\" content=\"Hotel Thomas\" \/>\n<meta property=\"article:modified_time\" content=\"2025-07-04T06:43:07+00:00\" \/>\n<meta property=\"og:image\" content=\"https:\/\/www.hotelthomas.it\/wp-content\/uploads\/cropped-hotel_thomas_q.png\" \/>\n\t<meta property=\"og:image:width\" content=\"512\" \/>\n\t<meta property=\"og:image:height\" content=\"512\" \/>\n\t<meta property=\"og:image:type\" content=\"image\/png\" \/>\n<meta name=\"twitter:card\" content=\"summary_large_image\" \/>\n<meta name=\"twitter:label1\" content=\"Gesch\u00e4tzte Lesezeit\" \/>\n\t<meta name=\"twitter:data1\" content=\"9\u00a0Minuten\" \/>\n<script type=\"application\/ld+json\" class=\"yoast-schema-graph\">{\"@context\":\"https:\/\/schema.org\",\"@graph\":[{\"@type\":\"WebPage\",\"@id\":\"https:\/\/www.hotelthomas.it\/de\/hotel\/fruehstueck\/\",\"url\":\"https:\/\/www.hotelthomas.it\/de\/hotel\/fruehstueck\/\",\"name\":\"Fr\u00fchst\u00fcck - Hotel Thomas - Marina di Campo, Insel Elba\",\"isPartOf\":{\"@id\":\"https:\/\/www.hotelthomas.it\/de\/#website\"},\"primaryImageOfPage\":{\"@id\":\"https:\/\/www.hotelthomas.it\/de\/hotel\/fruehstueck\/#primaryimage\"},\"image\":{\"@id\":\"https:\/\/www.hotelthomas.it\/de\/hotel\/fruehstueck\/#primaryimage\"},\"thumbnailUrl\":\"https:\/\/www.hotelthomas.it\/wp-content\/uploads\/cropped-hotel_thomas_q.png\",\"datePublished\":\"2023-07-17T13:08:50+00:00\",\"dateModified\":\"2025-07-04T06:43:07+00:00\",\"description\":\"Nur wenige Schritte von der Unterkunft entfernt befindet sich das Hotel Santa Caterina, wo Sie das Fr\u00fchst\u00fcck genie\u00dfen k\u00f6nnen.\",\"breadcrumb\":{\"@id\":\"https:\/\/www.hotelthomas.it\/de\/hotel\/fruehstueck\/#breadcrumb\"},\"inLanguage\":\"de\",\"potentialAction\":[{\"@type\":\"ReadAction\",\"target\":[\"https:\/\/www.hotelthomas.it\/de\/hotel\/fruehstueck\/\"]}]},{\"@type\":\"ImageObject\",\"inLanguage\":\"de\",\"@id\":\"https:\/\/www.hotelthomas.it\/de\/hotel\/fruehstueck\/#primaryimage\",\"url\":\"https:\/\/www.hotelthomas.it\/wp-content\/uploads\/cropped-hotel_thomas_q.png\",\"contentUrl\":\"https:\/\/www.hotelthomas.it\/wp-content\/uploads\/cropped-hotel_thomas_q.png\",\"width\":512,\"height\":512},{\"@type\":\"BreadcrumbList\",\"@id\":\"https:\/\/www.hotelthomas.it\/de\/hotel\/fruehstueck\/#breadcrumb\",\"itemListElement\":[{\"@type\":\"ListItem\",\"position\":1,\"name\":\"Home\",\"item\":\"https:\/\/www.hotelthomas.it\/de\/\"},{\"@type\":\"ListItem\",\"position\":2,\"name\":\"Hotel\",\"item\":\"https:\/\/www.hotelthomas.it\/de\/hotel\/\"},{\"@type\":\"ListItem\",\"position\":3,\"name\":\"Fr\u00fchst\u00fcck\"}]},{\"@type\":\"WebSite\",\"@id\":\"https:\/\/www.hotelthomas.it\/de\/#website\",\"url\":\"https:\/\/www.hotelthomas.it\/de\/\",\"name\":\"hotelthomas.it\",\"description\":\"Marina di Campo, Insel Elba\",\"publisher\":{\"@id\":\"https:\/\/www.hotelthomas.it\/de\/#organization\"},\"potentialAction\":[{\"@type\":\"SearchAction\",\"target\":{\"@type\":\"EntryPoint\",\"urlTemplate\":\"https:\/\/www.hotelthomas.it\/de\/?s={search_term_string}\"},\"query-input\":{\"@type\":\"PropertyValueSpecification\",\"valueRequired\":true,\"valueName\":\"search_term_string\"}}],\"inLanguage\":\"de\"},{\"@type\":\"Organization\",\"@id\":\"https:\/\/www.hotelthomas.it\/de\/#organization\",\"name\":\"Hotel Thomas\",\"url\":\"https:\/\/www.hotelthomas.it\/de\/\",\"logo\":{\"@type\":\"ImageObject\",\"inLanguage\":\"de\",\"@id\":\"https:\/\/www.hotelthomas.it\/de\/#\/schema\/logo\/image\/\",\"url\":\"https:\/\/www.hotelthomas.it\/wp-content\/uploads\/hotel_thomas_remake_vertical.png\",\"contentUrl\":\"https:\/\/www.hotelthomas.it\/wp-content\/uploads\/hotel_thomas_remake_vertical.png\",\"width\":640,\"height\":562,\"caption\":\"Hotel Thomas\"},\"image\":{\"@id\":\"https:\/\/www.hotelthomas.it\/de\/#\/schema\/logo\/image\/\"}}]}<\/script>\n<!-- \/ Yoast SEO plugin. -->","yoast_head_json":{"title":"Fr\u00fchst\u00fcck - Hotel Thomas - Marina di Campo, Insel Elba","description":"Nur wenige Schritte von der Unterkunft entfernt befindet sich das Hotel Santa Caterina, wo Sie das Fr\u00fchst\u00fcck genie\u00dfen k\u00f6nnen.","robots":{"index":"index","follow":"follow","max-snippet":"max-snippet:-1","max-image-preview":"max-image-preview:large","max-video-preview":"max-video-preview:-1"},"canonical":"https:\/\/www.hotelthomas.it\/de\/hotel\/fruehstueck\/","og_locale":"de_DE","og_type":"article","og_title":"Fr\u00fchst\u00fcck - Hotel Thomas - Marina di Campo, Insel Elba","og_description":"Nur wenige Schritte von der Unterkunft entfernt befindet sich das Hotel Santa Caterina, wo Sie das Fr\u00fchst\u00fcck genie\u00dfen k\u00f6nnen.","og_url":"https:\/\/www.hotelthomas.it\/de\/hotel\/fruehstueck\/","og_site_name":"Hotel Thomas","article_modified_time":"2025-07-04T06:43:07+00:00","og_image":[{"width":512,"height":512,"url":"https:\/\/www.hotelthomas.it\/wp-content\/uploads\/cropped-hotel_thomas_q.png","type":"image\/png"}],"twitter_card":"summary_large_image","twitter_misc":{"Gesch\u00e4tzte Lesezeit":"9\u00a0Minuten"},"schema":{"@context":"https:\/\/schema.org","@graph":[{"@type":"WebPage","@id":"https:\/\/www.hotelthomas.it\/de\/hotel\/fruehstueck\/","url":"https:\/\/www.hotelthomas.it\/de\/hotel\/fruehstueck\/","name":"Fr\u00fchst\u00fcck - Hotel Thomas - Marina di Campo, Insel Elba","isPartOf":{"@id":"https:\/\/www.hotelthomas.it\/de\/#website"},"primaryImageOfPage":{"@id":"https:\/\/www.hotelthomas.it\/de\/hotel\/fruehstueck\/#primaryimage"},"image":{"@id":"https:\/\/www.hotelthomas.it\/de\/hotel\/fruehstueck\/#primaryimage"},"thumbnailUrl":"https:\/\/www.hotelthomas.it\/wp-content\/uploads\/cropped-hotel_thomas_q.png","datePublished":"2023-07-17T13:08:50+00:00","dateModified":"2025-07-04T06:43:07+00:00","description":"Nur wenige Schritte von der Unterkunft entfernt befindet sich das Hotel Santa Caterina, wo Sie das Fr\u00fchst\u00fcck genie\u00dfen k\u00f6nnen.","breadcrumb":{"@id":"https:\/\/www.hotelthomas.it\/de\/hotel\/fruehstueck\/#breadcrumb"},"inLanguage":"de","potentialAction":[{"@type":"ReadAction","target":["https:\/\/www.hotelthomas.it\/de\/hotel\/fruehstueck\/"]}]},{"@type":"ImageObject","inLanguage":"de","@id":"https:\/\/www.hotelthomas.it\/de\/hotel\/fruehstueck\/#primaryimage","url":"https:\/\/www.hotelthomas.it\/wp-content\/uploads\/cropped-hotel_thomas_q.png","contentUrl":"https:\/\/www.hotelthomas.it\/wp-content\/uploads\/cropped-hotel_thomas_q.png","width":512,"height":512},{"@type":"BreadcrumbList","@id":"https:\/\/www.hotelthomas.it\/de\/hotel\/fruehstueck\/#breadcrumb","itemListElement":[{"@type":"ListItem","position":1,"name":"Home","item":"https:\/\/www.hotelthomas.it\/de\/"},{"@type":"ListItem","position":2,"name":"Hotel","item":"https:\/\/www.hotelthomas.it\/de\/hotel\/"},{"@type":"ListItem","position":3,"name":"Fr\u00fchst\u00fcck"}]},{"@type":"WebSite","@id":"https:\/\/www.hotelthomas.it\/de\/#website","url":"https:\/\/www.hotelthomas.it\/de\/","name":"hotelthomas.it","description":"Marina di Campo, Insel Elba","publisher":{"@id":"https:\/\/www.hotelthomas.it\/de\/#organization"},"potentialAction":[{"@type":"SearchAction","target":{"@type":"EntryPoint","urlTemplate":"https:\/\/www.hotelthomas.it\/de\/?s={search_term_string}"},"query-input":{"@type":"PropertyValueSpecification","valueRequired":true,"valueName":"search_term_string"}}],"inLanguage":"de"},{"@type":"Organization","@id":"https:\/\/www.hotelthomas.it\/de\/#organization","name":"Hotel Thomas","url":"https:\/\/www.hotelthomas.it\/de\/","logo":{"@type":"ImageObject","inLanguage":"de","@id":"https:\/\/www.hotelthomas.it\/de\/#\/schema\/logo\/image\/","url":"https:\/\/www.hotelthomas.it\/wp-content\/uploads\/hotel_thomas_remake_vertical.png","contentUrl":"https:\/\/www.hotelthomas.it\/wp-content\/uploads\/hotel_thomas_remake_vertical.png","width":640,"height":562,"caption":"Hotel Thomas"},"image":{"@id":"https:\/\/www.hotelthomas.it\/de\/#\/schema\/logo\/image\/"}}]}},"_links":{"self":[{"href":"https:\/\/www.hotelthomas.it\/de\/wp-json\/wp\/v2\/pages\/7424","targetHints":{"allow":["GET"]}}],"collection":[{"href":"https:\/\/www.hotelthomas.it\/de\/wp-json\/wp\/v2\/pages"}],"about":[{"href":"https:\/\/www.hotelthomas.it\/de\/wp-json\/wp\/v2\/types\/page"}],"author":[{"embeddable":true,"href":"https:\/\/www.hotelthomas.it\/de\/wp-json\/wp\/v2\/users\/1"}],"replies":[{"embeddable":true,"href":"https:\/\/www.hotelthomas.it\/de\/wp-json\/wp\/v2\/comments?post=7424"}],"version-history":[{"count":13,"href":"https:\/\/www.hotelthomas.it\/de\/wp-json\/wp\/v2\/pages\/7424\/revisions"}],"predecessor-version":[{"id":8044,"href":"https:\/\/www.hotelthomas.it\/de\/wp-json\/wp\/v2\/pages\/7424\/revisions\/8044"}],"up":[{"embeddable":true,"href":"https:\/\/www.hotelthomas.it\/de\/wp-json\/wp\/v2\/pages\/7398"}],"wp:featuredmedia":[{"embeddable":true,"href":"https:\/\/www.hotelthomas.it\/de\/wp-json\/wp\/v2\/media\/7071"}],"wp:attachment":[{"href":"https:\/\/www.hotelthomas.it\/de\/wp-json\/wp\/v2\/media?parent=7424"}],"curies":[{"name":"wp","href":"https:\/\/api.w.org\/{rel}","templated":true}]}}